{"id":26010,"date":"2024-10-10T08:58:27","date_gmt":"2024-10-10T05:58:27","guid":{"rendered":"https:\/\/2024.eestinoorsooteater.ee\/muuseum\/korralda-sundmus\/"},"modified":"2025-11-11T14:25:55","modified_gmt":"2025-11-11T12:25:55","slug":"organize-an-eventx","status":"publish","type":"page","link":"https:\/\/www.eestinoorsooteater.ee\/en\/puppet-museum\/organize-an-eventx\/","title":{"rendered":"Organize an event"},"content":{"rendered":"\t\t<div data-elementor-type=\"wp-page\" data-elementor-id=\"26010\" class=\"elementor elementor-26010 elementor-11511\" data-elementor-post-type=\"page\">\n\t\t\t\t<div class=\"elementor-element elementor-element-8b39177 e-flex e-con-boxed e-con e-parent\" data-id=\"8b39177\" data-element_type=\"container\" data-e-type=\"container\">\n\t\t\t\t\t<div class=\"e-con-inner\">\n\t\t\t\t<div class=\"elementor-element elementor-element-3244ba8 elementor-widget elementor-widget-theme-post-title elementor-page-title elementor-widget-heading\" data-id=\"3244ba8\" data-element_type=\"widget\" data-e-type=\"widget\" data-widget_type=\"theme-post-title.default\">\n\t\t\t\t<div class=\"elementor-widget-container\">\n\t\t\t\t\t<h1 class=\"elementor-heading-title elementor-size-default\">Organize an event<\/h1>\t\t\t\t<\/div>\n\t\t\t\t<\/div>\n\t\t\t\t\t<\/div>\n\t\t\t\t<\/div>\n\t\t<div class=\"elementor-element elementor-element-51b55dc e-flex e-con-boxed e-con e-parent\" data-id=\"51b55dc\" data-element_type=\"container\" data-e-type=\"container\" data-settings=\"{&quot;background_background&quot;:&quot;classic&quot;}\">\n\t\t\t\t\t<div class=\"e-con-inner\">\n\t\t<div class=\"elementor-element elementor-element-06739c5 e-con-full e-flex e-con e-child\" data-id=\"06739c5\" data-element_type=\"container\" data-e-type=\"container\">\n\t\t\t\t<div class=\"elementor-element elementor-element-f9fac75 elementor-nav-menu__align-center elementor-nav-menu--dropdown-none sidebar-menu elementor-widget elementor-widget-nav-menu\" data-id=\"f9fac75\" data-element_type=\"widget\" data-e-type=\"widget\" data-settings=\"{&quot;layout&quot;:&quot;vertical&quot;,&quot;submenu_icon&quot;:{&quot;value&quot;:&quot;&lt;svg aria-hidden=\\&quot;true\\&quot; class=\\&quot;e-font-icon-svg e-fas-caret-down\\&quot; viewBox=\\&quot;0 0 320 512\\&quot; xmlns=\\&quot;http:\\\/\\\/www.w3.org\\\/2000\\\/svg\\&quot;&gt;&lt;path d=\\&quot;M31.3 192h257.3c17.8 0 26.7 21.5 14.1 34.1L174.1 354.8c-7.8 7.8-20.5 7.8-28.3 0L17.2 226.1C4.6 213.5 13.5 192 31.3 192z\\&quot;&gt;&lt;\\\/path&gt;&lt;\\\/svg&gt;&quot;,&quot;library&quot;:&quot;fa-solid&quot;}}\" data-widget_type=\"nav-menu.default\">\n\t\t\t\t<div class=\"elementor-widget-container\">\n\t\t\t\t\t\t\t\t<nav aria-label=\"Menu\" class=\"elementor-nav-menu--main elementor-nav-menu__container elementor-nav-menu--layout-vertical e--pointer-underline e--animation-fade\">\n\t\t\t\t<ul id=\"menu-1-f9fac75\" class=\"elementor-nav-menu sm-vertical\"><li class=\"menu-item menu-item-type-post_type menu-item-object-page menu-item-26202\"><a href=\"https:\/\/www.eestinoorsooteater.ee\/en\/puppet-museum\/organize-an-eventx\/\" class=\"elementor-item\">Organize an event<\/a><\/li>\n<li class=\"menu-item menu-item-type-post_type menu-item-object-page menu-item-26203\"><a href=\"https:\/\/www.eestinoorsooteater.ee\/en\/puppet-museum\/guided-tours\/\" class=\"elementor-item\">Guided tours<\/a><\/li>\n<li class=\"menu-item menu-item-type-post_type menu-item-object-page menu-item-26204\"><a href=\"https:\/\/www.eestinoorsooteater.ee\/en\/puppet-museum\/company-events\/\" class=\"elementor-item\">Company events<\/a><\/li>\n<\/ul>\t\t\t<\/nav>\n\t\t\t\t\t\t<nav class=\"elementor-nav-menu--dropdown elementor-nav-menu__container\" aria-hidden=\"true\">\n\t\t\t\t<ul id=\"menu-2-f9fac75\" class=\"elementor-nav-menu sm-vertical\"><li class=\"menu-item menu-item-type-post_type menu-item-object-page menu-item-26202\"><a href=\"https:\/\/www.eestinoorsooteater.ee\/en\/puppet-museum\/organize-an-eventx\/\" class=\"elementor-item\" tabindex=\"-1\">Organize an event<\/a><\/li>\n<li class=\"menu-item menu-item-type-post_type menu-item-object-page menu-item-26203\"><a href=\"https:\/\/www.eestinoorsooteater.ee\/en\/puppet-museum\/guided-tours\/\" class=\"elementor-item\" tabindex=\"-1\">Guided tours<\/a><\/li>\n<li class=\"menu-item menu-item-type-post_type menu-item-object-page menu-item-26204\"><a href=\"https:\/\/www.eestinoorsooteater.ee\/en\/puppet-museum\/company-events\/\" class=\"elementor-item\" tabindex=\"-1\">Company events<\/a><\/li>\n<\/ul>\t\t\t<\/nav>\n\t\t\t\t\t\t<\/div>\n\t\t\t\t<\/div>\n\t\t\t\t<\/div>\n\t\t<div class=\"elementor-element elementor-element-120d0d3 e-con-full e-flex e-con e-child\" data-id=\"120d0d3\" data-element_type=\"container\" data-e-type=\"container\">\n\t\t\t\t<div class=\"elementor-element elementor-element-e278e30 elementor-absolute e-transform e-transform dce_masking-none elementor-widget elementor-widget-image\" data-id=\"e278e30\" data-element_type=\"widget\" data-e-type=\"widget\" data-settings=\"{&quot;_position&quot;:&quot;absolute&quot;,&quot;_transform_rotateZ_effect&quot;:{&quot;unit&quot;:&quot;px&quot;,&quot;size&quot;:14,&quot;sizes&quot;:[]},&quot;_transform_scale_effect&quot;:{&quot;unit&quot;:&quot;px&quot;,&quot;size&quot;:1.5,&quot;sizes&quot;:[]},&quot;_transform_rotateZ_effect_tablet&quot;:{&quot;unit&quot;:&quot;deg&quot;,&quot;size&quot;:&quot;&quot;,&quot;sizes&quot;:[]},&quot;_transform_rotateZ_effect_mobile&quot;:{&quot;unit&quot;:&quot;deg&quot;,&quot;size&quot;:&quot;&quot;,&quot;sizes&quot;:[]},&quot;_transform_scale_effect_tablet&quot;:{&quot;unit&quot;:&quot;px&quot;,&quot;size&quot;:&quot;&quot;,&quot;sizes&quot;:[]},&quot;_transform_scale_effect_mobile&quot;:{&quot;unit&quot;:&quot;px&quot;,&quot;size&quot;:&quot;&quot;,&quot;sizes&quot;:[]}}\" data-widget_type=\"image.default\">\n\t\t\t\t<div class=\"elementor-widget-container\">\n\t\t\t\t\t\t\t\t\t\t\t\t\t\t\t<img decoding=\"async\" width=\"1\" height=\"1\" src=\"https:\/\/www.eestinoorsooteater.ee\/wp-content\/uploads\/2024\/09\/kujund4-roheline.svg\" class=\"attachment-medium_large size-medium_large wp-image-8957\" alt=\"\" \/>\t\t\t\t\t\t\t\t\t\t\t\t\t\t\t<\/div>\n\t\t\t\t<\/div>\n\t\t\t\t<div class=\"elementor-element elementor-element-6863a3d5 elementor-widget elementor-widget-text-editor\" data-id=\"6863a3d5\" data-element_type=\"widget\" data-e-type=\"widget\" data-widget_type=\"text-editor.default\">\n\t\t\t\t<div class=\"elementor-widget-container\">\n\t\t\t\t\t\t\t\t\t<h4>S\u00fcnnip\u00e4ev Nukuteatrimuuseumis on t\u00e4is teatrit ja m\u00e4ngur\u00f5\u00f5mu!<\/h4><p>S\u00fcnnip\u00e4evaprogrammi on v\u00f5imalik valida nukuliike tutvustav ekskursioon ja\/v\u00f5i nukuvalmistamise t\u00f6\u00f6tuba. Teie kasutuses on eraldi s\u00fcnnip\u00e4evaruum, kuhu saab katta toidulaua (kas enda kaasa toodud v\u00f5i tellitud Hendriku kohvikust).<\/p><h4>S\u00fcnnip\u00e4evapeo info ja tingimused:<\/h4><ul><li>\u00dche tegevuse kestus on orienteeruvalt 1 tund. Kui valite \u00fche tegevusega peo, on v\u00f5imalik muuseumis viibida 2 tundi. Kui valite kahe tegevusega peo, on v\u00f5imalik muuseumis viibida 3 tundi.<\/li><li>S\u00fcnnip\u00e4evapakett on m\u00f5eldud kuni 15 k\u00fclastajale, iga lisanduva k\u00fclalise eest kehtib lisatasu. Maksimaalselt saab s\u00fcnnip\u00e4eval osaleda kuni 25 k\u00fclalist.<\/li><li>S\u00fcnnip\u00e4evad saavad toimuda teisip\u00e4evast p\u00fchap\u00e4evani ajavahemikus 10.30\u201317.00.<\/li><li>S\u00fcnnip\u00e4evapeo eest palume tasuda ettemaksu 40 \u20ac (broneerimistasu, mis sisaldub paketi hinnas). Ettemaksu palume tasuda kolme p\u00e4eva jooksul p\u00e4rast broneerimist.<\/li><li>Ettemaks ei kuulu tagastamisele, kui pidu j\u00e4\u00e4b \u00e4ra kliendist tulenevatel p\u00f5hjustel. \u00dclej\u00e4\u00e4nud paketi summa tasutakse peo alguses Noorsooteatri kassas vastavalt valitud paketile.<\/li><\/ul><h4>Panga\u00fclekandega tasumine:<\/h4><p>Saaja konto: EE932200221023778606<br \/>Saaja: Rahandusministeerium<br \/>Viitenumber (kohustuslik): 3500081474<br \/>Selgitus: m\u00e4rks\u00f5na S\u00fcnnip\u00e4ev; s\u00fcnnip\u00e4eva broneerija nimi, toimumiskuup\u00e4ev ja -aeg.<\/p>\t\t\t\t\t\t\t\t<\/div>\n\t\t\t\t<\/div>\n\t\t<div class=\"elementor-element elementor-element-0b16ceb e-con-full e-flex e-con e-child\" data-id=\"0b16ceb\" data-element_type=\"container\" data-e-type=\"container\">\n\t\t\t\t<div class=\"elementor-element elementor-element-8b1dd95 elementor-widget elementor-widget-heading\" data-id=\"8b1dd95\" data-element_type=\"widget\" data-e-type=\"widget\" data-widget_type=\"heading.default\">\n\t\t\t\t<div class=\"elementor-widget-container\">\n\t\t\t\t\t<h4 class=\"elementor-heading-title elementor-size-default\">Meelespea s\u00fcnnip\u00e4evalisele<\/h4>\t\t\t\t<\/div>\n\t\t\t\t<\/div>\n\t\t\t\t<div class=\"elementor-element elementor-element-fac61d3 elementor-widget elementor-widget-text-editor\" data-id=\"fac61d3\" data-element_type=\"widget\" data-e-type=\"widget\" data-widget_type=\"text-editor.default\">\n\t\t\t\t<div class=\"elementor-widget-container\">\n\t\t\t\t\t\t\t\t\t<ul class=\"wp-block-list\"><li>Tasuta s\u00fcnnip\u00e4evakutse p\u00f5hja saate v\u00e4lja printida\u00a0<a href=\"https:\/\/www.eestinoorsooteater.ee\/sites\/default\/files\/Nukuteatrimuuseum_synnipaevakutse_A6_mynt.pdf\" target=\"_blank\" rel=\"noreferrer noopener\">SIIT<\/a>\u00a0v\u00f5i\u00a0<a href=\"https:\/\/www.eestinoorsooteater.ee\/wp-content\/uploads\/2025\/10\/Nukuteatrimuuseum_synnipaevakutse_A6_lilla-1.pdf\" target=\"_blank\" rel=\"noreferrer noopener\">SIIT<\/a>.<\/li><li>Sissep\u00e4\u00e4s Nukuteatrimuuseumisse on teatri peasissep\u00e4\u00e4sust aadressil Nunne 4.<\/li><li>S\u00fcnnip\u00e4evalised kogunevad teatri fuajees, kassa k\u00f5rval.<\/li><li>S\u00fcnnip\u00e4eva k\u00fclastajatena l\u00e4hevad kirja k\u00f5ik muuseumisse sisenenud inimesed.<\/li><li>S\u00fcnnip\u00e4eva viimasel tunnil (vabal ajal) on lapsed lapsevanemate vastutusel.<\/li><li>S\u00fcnnip\u00e4ev algab ja l\u00f5peb t\u00e4pselt kokkulepitud ajal.<\/li><li>S\u00fcnnip\u00e4evale hilinejad saadetakse grupile j\u00e4rele.<\/li><li>S\u00fcnnip\u00e4eval mitte osalenud lapsevanematel palume lapsele j\u00e4rele tulles oodata teatri fuajees.<\/li><li>S\u00fcnnip\u00e4evatuba tuleb vabastada hiljemalt 15 minutit p\u00e4rast s\u00fcnnip\u00e4eva l\u00f5ppu.<\/li><li>Kohapeal on olemas morsikannud, kuus kaussi, kolm vaagnat, veekeedukann, noad, tordilabidad ning vaasid.<\/li><li>S\u00fcnnip\u00e4evatuppa saab oma s\u00f6\u00f6gid jmt tuua kuni pool tundi enne s\u00fcnnip\u00e4eva algust.<\/li><li>\u200bK\u00fc\u00fcnalde kasutamine ei ole lubatud.<\/li><\/ul>\t\t\t\t\t\t\t\t<\/div>\n\t\t\t\t<\/div>\n\t\t\t\t<\/div>\n\t\t<div class=\"elementor-element elementor-element-53cae56 e-con-full e-flex e-con e-child\" data-id=\"53cae56\" data-element_type=\"container\" data-e-type=\"container\">\n\t\t\t\t<div class=\"elementor-element elementor-element-ebb2d1b elementor-widget elementor-widget-heading\" data-id=\"ebb2d1b\" data-element_type=\"widget\" data-e-type=\"widget\" data-widget_type=\"heading.default\">\n\t\t\t\t<div class=\"elementor-widget-container\">\n\t\t\t\t\t<h4 class=\"elementor-heading-title elementor-size-default\">Hinnad<\/h4>\t\t\t\t<\/div>\n\t\t\t\t<\/div>\n\t\t\t\t<div class=\"elementor-element elementor-element-313bd31 elementor-widget elementor-widget-price-list\" data-id=\"313bd31\" data-element_type=\"widget\" data-e-type=\"widget\" data-widget_type=\"price-list.default\">\n\t\t\t\t<div class=\"elementor-widget-container\">\n\t\t\t\t\t\n\t\t<ul class=\"elementor-price-list\">\n\n\t\t\t\t\t\t\t\t\t<li class=\"elementor-price-list-item\">\t\t\t\t\n\t\t\t\t<div class=\"elementor-price-list-text\">\n\t\t\t\t\t\t\t\t\t<div class=\"elementor-price-list-header\">\n\t\t\t\t\t\t\t\t\t\t\t<span class=\"elementor-price-list-title\">\n\t\t\t\t\t\t\tPakett \u00fche tegevusega: sisaldab s\u00fcnnip\u00e4evatoa kasutust ning \u00fchte tegevust muuseumis (ekskursioon v\u00f5i t\u00f6\u00f6tuba). Ajaline kestus kuni 2 tundi ja kuni 15 inimesele.\t\t\t\t\t\t<\/span>\n\t\t\t\t\t\t\t\t\t\t\t\t\t\t\t\t\t\t\t\t\t\t\t\t<span class=\"elementor-price-list-price\">160 \u20ac<\/span>\n\t\t\t\t\t\t\t\t\t\t<\/div>\n\t\t\t\t\t\t\t\t\t\t\t\t\t\t\t<p class=\"elementor-price-list-description\">\n\t\t\t\t\t\t\t* Iga lisanduv k\u00fclaline 5 \u20ac\t\t\t\t\t\t<\/p>\n\t\t\t\t\t\t\t\t<\/div>\n\t\t\t\t<\/li>\t\t\t\t\t\t\t\t\t\t\t\t<li class=\"elementor-price-list-item\">\t\t\t\t\n\t\t\t\t<div class=\"elementor-price-list-text\">\n\t\t\t\t\t\t\t\t\t<div class=\"elementor-price-list-header\">\n\t\t\t\t\t\t\t\t\t\t\t<span class=\"elementor-price-list-title\">\n\t\t\t\t\t\t\tPakett kahe tegevusega: sisaldab s\u00fcnnip\u00e4evatoa kasutust ning kahte tegevust muuseumis (ekskursioon ja t\u00f6\u00f6tuba). Ajaline kestus kuni 3 tundi ja kuni 15 inimesele.\t\t\t\t\t\t<\/span>\n\t\t\t\t\t\t\t\t\t\t\t\t\t\t\t\t\t\t\t\t\t\t\t\t<span class=\"elementor-price-list-price\">220 \u20ac<\/span>\n\t\t\t\t\t\t\t\t\t\t<\/div>\n\t\t\t\t\t\t\t\t\t\t\t\t\t\t\t<p class=\"elementor-price-list-description\">\n\t\t\t\t\t\t\t* Iga lisanduv k\u00fclaline 10 \u20ac\t\t\t\t\t\t<\/p>\n\t\t\t\t\t\t\t\t<\/div>\n\t\t\t\t<\/li>\t\t\t\t\t\t\t\t\t\t\t\t<li class=\"elementor-price-list-item\">\t\t\t\t\n\t\t\t\t<div class=\"elementor-price-list-text\">\n\t\t\t\t\t\t\t\t\t<div class=\"elementor-price-list-header\">\n\t\t\t\t\t\t\t\t\t\t\t<span class=\"elementor-price-list-title\">\n\t\t\t\t\t\t\tS\u00fcnnip\u00e4eva pakettide puhul kehtib ettemaks, mis ei kuulu tagastamisele, kui s\u00fcnnip\u00e4ev j\u00e4\u00e4b \u00e4ra kliendist tulenevatel p\u00f5hjustel.\t\t\t\t\t\t<\/span>\n\t\t\t\t\t\t\t\t\t\t\t\t\t\t\t\t\t\t\t\t\t\t\t\t<span class=\"elementor-price-list-price\">40 \u20ac<\/span>\n\t\t\t\t\t\t\t\t\t\t<\/div>\n\t\t\t\t\t\t\t\t\t\t\t\t<\/div>\n\t\t\t\t<\/li>\t\t\t\t\t\t\t\t\t\t\t\t<li class=\"elementor-price-list-item\">\t\t\t\t\n\t\t\t\t<div class=\"elementor-price-list-text\">\n\t\t\t\t\t\t\t\t\t<div class=\"elementor-price-list-header\">\n\t\t\t\t\t\t\t\t\t\t\t<span class=\"elementor-price-list-title\">\n\t\t\t\t\t\t\tN\u00e4idisarvutus: S\u00fcnnip\u00e4evatoa kasutus ning ekskursioon ja t\u00f6\u00f6tuba kolmeks tunniks 18 inimesele = 220 eurot (15 inimest) + 30 eurot (+3 inimest) = 250 eurot. Maksmine 40 eurot ettemaksu, hiljem tasuda 210 eurot.\t\t\t\t\t\t<\/span>\n\t\t\t\t\t\t\t\t\t\t\t\t\t\t\t\t\t\t\t\t\t<\/div>\n\t\t\t\t\t\t\t\t\t\t\t\t<\/div>\n\t\t\t\t<\/li>\t\t\t\t\t\t\t\t\t\t\t\t<li class=\"elementor-price-list-item\">\t\t\t\t\n\t\t\t\t<div class=\"elementor-price-list-text\">\n\t\t\t\t\t\t\t\t\t<div class=\"elementor-price-list-header\">\n\t\t\t\t\t\t\t\t\t\t\t<span class=\"elementor-price-list-title\">\n\t\t\t\t\t\t\t<b>Lisainfo ja broneeriminemuuseum@noorsooteater.ee v\u00f5i telefonil 6679 542<\/b>\t\t\t\t\t\t<\/span>\n\t\t\t\t\t\t\t\t\t\t\t\t\t\t\t\t\t\t\t\t\t<\/div>\n\t\t\t\t\t\t\t\t\t\t\t\t<\/div>\n\t\t\t\t<\/li>\t\t\t\t\t\n\t\t<\/ul>\n\n\t\t\t\t\t\t<\/div>\n\t\t\t\t<\/div>\n\t\t\t\t<\/div>\n\t\t\t\t<\/div>\n\t\t\t\t\t<\/div>\n\t\t\t\t<\/div>\n\t\t<div class=\"elementor-element elementor-element-d1cc9eb e-flex e-con-boxed e-con e-parent\" data-id=\"d1cc9eb\" data-element_type=\"container\" data-e-type=\"container\">\n\t\t\t\t\t<div class=\"e-con-inner\">\n\t\t\t\t<div class=\"elementor-element elementor-element-b105c44 elementor-widget elementor-widget-spacer\" data-id=\"b105c44\" data-element_type=\"widget\" data-e-type=\"widget\" data-widget_type=\"spacer.default\">\n\t\t\t\t<div class=\"elementor-widget-container\">\n\t\t\t\t\t\t\t<div class=\"elementor-spacer\">\n\t\t\t<div class=\"elementor-spacer-inner\"><\/div>\n\t\t<\/div>\n\t\t\t\t\t\t<\/div>\n\t\t\t\t<\/div>\n\t\t\t\t\t<\/div>\n\t\t\t\t<\/div>\n\t\t\t\t<\/div>\n\t\t","protected":false},"excerpt":{"rendered":"<p>S\u00fcnnip\u00e4ev Nukuteatrimuuseumis on t\u00e4is teatrit ja m\u00e4ngur\u00f5\u00f5mu! S\u00fcnnip\u00e4evaprogrammi on v\u00f5imalik valida nukuliike tutvustav ekskursioon ja\/v\u00f5i nukuvalmistamise t\u00f6\u00f6tuba. Teie kasutuses on eraldi s\u00fcnnip\u00e4evaruum, kuhu saab katta toidulaua (kas enda kaasa toodud v\u00f5i tellitud Hendriku kohvikust). S\u00fcnnip\u00e4evapeo info ja tingimused: \u00dche tegevuse kestus on orienteeruvalt 1 tund. Kui valite \u00fche tegevusega peo, on v\u00f5imalik muuseumis viibida 2 [&hellip;]<\/p>\n","protected":false},"author":2,"featured_media":439,"parent":9457,"menu_order":35,"comment_status":"closed","ping_status":"closed","template":"elementor_header_footer","meta":{"_acf_changed":false,"footnotes":""},"class_list":["post-26010","page","type-page","status-publish","has-post-thumbnail","hentry"],"acf":[],"_links":{"self":[{"href":"https:\/\/www.eestinoorsooteater.ee\/en\/wp-json\/wp\/v2\/pages\/26010","targetHints":{"allow":["GET"]}}],"collection":[{"href":"https:\/\/www.eestinoorsooteater.ee\/en\/wp-json\/wp\/v2\/pages"}],"about":[{"href":"https:\/\/www.eestinoorsooteater.ee\/en\/wp-json\/wp\/v2\/types\/page"}],"author":[{"embeddable":true,"href":"https:\/\/www.eestinoorsooteater.ee\/en\/wp-json\/wp\/v2\/users\/2"}],"replies":[{"embeddable":true,"href":"https:\/\/www.eestinoorsooteater.ee\/en\/wp-json\/wp\/v2\/comments?post=26010"}],"version-history":[{"count":4,"href":"https:\/\/www.eestinoorsooteater.ee\/en\/wp-json\/wp\/v2\/pages\/26010\/revisions"}],"predecessor-version":[{"id":38429,"href":"https:\/\/www.eestinoorsooteater.ee\/en\/wp-json\/wp\/v2\/pages\/26010\/revisions\/38429"}],"up":[{"embeddable":true,"href":"https:\/\/www.eestinoorsooteater.ee\/en\/wp-json\/wp\/v2\/pages\/9457"}],"wp:featuredmedia":[{"embeddable":true,"href":"https:\/\/www.eestinoorsooteater.ee\/en\/wp-json\/wp\/v2\/media\/439"}],"wp:attachment":[{"href":"https:\/\/www.eestinoorsooteater.ee\/en\/wp-json\/wp\/v2\/media?parent=26010"}],"curies":[{"name":"wp","href":"https:\/\/api.w.org\/{rel}","templated":true}]}}