{"id":26070,"date":"2024-10-08T08:42:26","date_gmt":"2024-10-08T05:42:26","guid":{"rendered":"https:\/\/2024.eestinoorsooteater.ee\/theatre\/taskuhaaling\/"},"modified":"2025-09-24T14:19:49","modified_gmt":"2025-09-24T11:19:49","slug":"podcast","status":"publish","type":"page","link":"https:\/\/www.eestinoorsooteater.ee\/en\/news\/podcast\/","title":{"rendered":"Podcast"},"content":{"rendered":"\t\t<div data-elementor-type=\"wp-page\" data-elementor-id=\"26070\" class=\"elementor elementor-26070 elementor-11238\" data-elementor-post-type=\"page\">\n\t\t\t\t<div class=\"elementor-element elementor-element-8b39177 e-flex e-con-boxed e-con e-parent\" data-id=\"8b39177\" data-element_type=\"container\" data-e-type=\"container\">\n\t\t\t\t\t<div class=\"e-con-inner\">\n\t\t\t\t<div class=\"elementor-element elementor-element-3244ba8 elementor-widget elementor-widget-theme-post-title elementor-page-title elementor-widget-heading\" data-id=\"3244ba8\" data-element_type=\"widget\" data-e-type=\"widget\" data-widget_type=\"theme-post-title.default\">\n\t\t\t\t<div class=\"elementor-widget-container\">\n\t\t\t\t\t<h1 class=\"elementor-heading-title elementor-size-default\">Podcast<\/h1>\t\t\t\t<\/div>\n\t\t\t\t<\/div>\n\t\t\t\t\t<\/div>\n\t\t\t\t<\/div>\n\t\t<div class=\"elementor-element elementor-element-51b55dc e-flex e-con-boxed e-con e-parent\" data-id=\"51b55dc\" data-element_type=\"container\" data-e-type=\"container\" data-settings=\"{&quot;background_background&quot;:&quot;classic&quot;}\">\n\t\t\t\t\t<div class=\"e-con-inner\">\n\t\t<div class=\"elementor-element elementor-element-06739c5 e-con-full e-flex e-con e-child\" data-id=\"06739c5\" data-element_type=\"container\" data-e-type=\"container\">\n\t\t\t\t<div class=\"elementor-element elementor-element-f9fac75 elementor-nav-menu__align-center elementor-nav-menu--dropdown-none sidebar-menu elementor-widget elementor-widget-nav-menu\" data-id=\"f9fac75\" data-element_type=\"widget\" data-e-type=\"widget\" data-settings=\"{&quot;layout&quot;:&quot;vertical&quot;,&quot;submenu_icon&quot;:{&quot;value&quot;:&quot;&lt;svg aria-hidden=\\&quot;true\\&quot; class=\\&quot;e-font-icon-svg e-fas-caret-down\\&quot; viewBox=\\&quot;0 0 320 512\\&quot; xmlns=\\&quot;http:\\\/\\\/www.w3.org\\\/2000\\\/svg\\&quot;&gt;&lt;path d=\\&quot;M31.3 192h257.3c17.8 0 26.7 21.5 14.1 34.1L174.1 354.8c-7.8 7.8-20.5 7.8-28.3 0L17.2 226.1C4.6 213.5 13.5 192 31.3 192z\\&quot;&gt;&lt;\\\/path&gt;&lt;\\\/svg&gt;&quot;,&quot;library&quot;:&quot;fa-solid&quot;}}\" data-widget_type=\"nav-menu.default\">\n\t\t\t\t<div class=\"elementor-widget-container\">\n\t\t\t\t\t\t\t\t<nav aria-label=\"Menu\" class=\"elementor-nav-menu--main elementor-nav-menu__container elementor-nav-menu--layout-vertical e--pointer-underline e--animation-fade\">\n\t\t\t\t<ul id=\"menu-1-f9fac75\" class=\"elementor-nav-menu sm-vertical\"><li class=\"menu-item menu-item-type-post_type menu-item-object-page menu-item-26186\"><a href=\"https:\/\/www.eestinoorsooteater.ee\/en\/theatre\/history\/\" class=\"elementor-item\">History<\/a><\/li>\n<li class=\"menu-item menu-item-type-post_type menu-item-object-page menu-item-28590\"><a href=\"https:\/\/www.eestinoorsooteater.ee\/en\/theatre\/caravan-theatre\/\" class=\"elementor-item\">Caravan theatre<\/a><\/li>\n<li class=\"menu-item menu-item-type-post_type menu-item-object-page menu-item-26188\"><a href=\"https:\/\/www.eestinoorsooteater.ee\/en\/theatre\/youth-studio\/\" class=\"elementor-item\">Youth studio<\/a><\/li>\n<li class=\"menu-item menu-item-type-post_type menu-item-object-page menu-item-26189\"><a href=\"https:\/\/www.eestinoorsooteater.ee\/en\/theatre\/rooms-for-rent\/\" class=\"elementor-item\">Rooms for rent<\/a><\/li>\n<li class=\"menu-item menu-item-type-post_type menu-item-object-page menu-item-26190\"><a href=\"https:\/\/www.eestinoorsooteater.ee\/en\/theatre\/foundation\/\" class=\"elementor-item\">Foundation<\/a><\/li>\n<li class=\"menu-item menu-item-type-post_type menu-item-object-page menu-item-26191\"><a href=\"https:\/\/www.eestinoorsooteater.ee\/en\/theatre\/partners\/\" class=\"elementor-item\">Partners<\/a><\/li>\n<\/ul>\t\t\t<\/nav>\n\t\t\t\t\t\t<nav class=\"elementor-nav-menu--dropdown elementor-nav-menu__container\" aria-hidden=\"true\">\n\t\t\t\t<ul id=\"menu-2-f9fac75\" class=\"elementor-nav-menu sm-vertical\"><li class=\"menu-item menu-item-type-post_type menu-item-object-page menu-item-26186\"><a href=\"https:\/\/www.eestinoorsooteater.ee\/en\/theatre\/history\/\" class=\"elementor-item\" tabindex=\"-1\">History<\/a><\/li>\n<li class=\"menu-item menu-item-type-post_type menu-item-object-page menu-item-28590\"><a href=\"https:\/\/www.eestinoorsooteater.ee\/en\/theatre\/caravan-theatre\/\" class=\"elementor-item\" tabindex=\"-1\">Caravan theatre<\/a><\/li>\n<li class=\"menu-item menu-item-type-post_type menu-item-object-page menu-item-26188\"><a href=\"https:\/\/www.eestinoorsooteater.ee\/en\/theatre\/youth-studio\/\" class=\"elementor-item\" tabindex=\"-1\">Youth studio<\/a><\/li>\n<li class=\"menu-item menu-item-type-post_type menu-item-object-page menu-item-26189\"><a href=\"https:\/\/www.eestinoorsooteater.ee\/en\/theatre\/rooms-for-rent\/\" class=\"elementor-item\" tabindex=\"-1\">Rooms for rent<\/a><\/li>\n<li class=\"menu-item menu-item-type-post_type menu-item-object-page menu-item-26190\"><a href=\"https:\/\/www.eestinoorsooteater.ee\/en\/theatre\/foundation\/\" class=\"elementor-item\" tabindex=\"-1\">Foundation<\/a><\/li>\n<li class=\"menu-item menu-item-type-post_type menu-item-object-page menu-item-26191\"><a href=\"https:\/\/www.eestinoorsooteater.ee\/en\/theatre\/partners\/\" class=\"elementor-item\" tabindex=\"-1\">Partners<\/a><\/li>\n<\/ul>\t\t\t<\/nav>\n\t\t\t\t\t\t<\/div>\n\t\t\t\t<\/div>\n\t\t\t\t<\/div>\n\t\t<div class=\"elementor-element elementor-element-120d0d3 e-con-full e-flex e-con e-child\" data-id=\"120d0d3\" data-element_type=\"container\" data-e-type=\"container\">\n\t\t\t\t<div class=\"elementor-element elementor-element-6863a3d5 elementor-widget elementor-widget-text-editor\" data-id=\"6863a3d5\" data-element_type=\"widget\" data-e-type=\"widget\" data-widget_type=\"text-editor.default\">\n\t\t\t\t<div class=\"elementor-widget-container\">\n\t\t\t\t\t\t\t\t\t<p style=\"margin: 0px 0px 1.2rem; font-family: 'Euclid Circular B', sans-serif;\"><strong>Noorsooteatri taskuh\u00e4\u00e4ling p\u00fc\u00fcdleb selle poole, et pakkuda argip\u00e4evas inspiratsiooni, julgustust, anal\u00fc\u00fcsi ja m\u00f5ttekaaslust nii noorele kui ka t\u00e4iskasvanud kuulajale. <\/strong><\/p>\n<p style=\"margin: 0px 0px 1.2rem; font-family: 'Euclid Circular B', sans-serif;\">Enamik saateteemasid t\u00f5ukub Noorsooteatri repertuaarist, v\u00f5imaldades kuulajal saada nii infot eesootavate v\u00f5i \u00e4sja esietendunud uuslavastuste kohta kui leida tuge ja selgemat konteksti juba n\u00e4htud lavastuste m\u00f5testamisel.&nbsp;<\/p>\n<p style=\"margin: 0px 0px 1.2rem; font-family: 'Euclid Circular B', sans-serif;\">Taskuh\u00e4\u00e4lingu tunnusmuusika on loonud Markus Robam, kes on \u00fchtlasi mitme Eesti Noorsooteatri repertuaaris oleva lavastuse helilooja.&nbsp;<\/p>\n<p style=\"margin: 0px 0px 1.2rem; font-family: 'Euclid Circular B', sans-serif;\">Eesti Noorsooteatri taskuh\u00e4\u00e4lingu episoodid on kuulatavad teatri&nbsp;<a style=\"color: #000000;\" href=\"https:\/\/www.youtube.com\/results?search_query=eesti+noorsooteater\" target=\"_blank\" rel=\"noopener noreferrer nofollow\">Youtube\u2019i kanalil<\/a>&nbsp;ja&nbsp;<a style=\"color: #000000;\" href=\"https:\/\/open.spotify.com\/show\/0iSqonTt732ObqyoHfpxl9?si=e4d0543d6e574837\" target=\"_blank\" rel=\"noopener noreferrer nofollow\">Spotifys<\/a>.<\/p>\t\t\t\t\t\t\t\t<\/div>\n\t\t\t\t<\/div>\n\t\t\t\t<div class=\"elementor-element elementor-element-e278e30 elementor-widget__width-inherit elementor-absolute e-transform e-transform dce_masking-none elementor-widget elementor-widget-image\" data-id=\"e278e30\" data-element_type=\"widget\" data-e-type=\"widget\" data-settings=\"{&quot;_position&quot;:&quot;absolute&quot;,&quot;_transform_rotateZ_effect&quot;:{&quot;unit&quot;:&quot;px&quot;,&quot;size&quot;:14,&quot;sizes&quot;:[]},&quot;_transform_scale_effect&quot;:{&quot;unit&quot;:&quot;px&quot;,&quot;size&quot;:1.5,&quot;sizes&quot;:[]},&quot;_transform_rotateZ_effect_tablet&quot;:{&quot;unit&quot;:&quot;deg&quot;,&quot;size&quot;:&quot;&quot;,&quot;sizes&quot;:[]},&quot;_transform_rotateZ_effect_mobile&quot;:{&quot;unit&quot;:&quot;deg&quot;,&quot;size&quot;:&quot;&quot;,&quot;sizes&quot;:[]},&quot;_transform_scale_effect_tablet&quot;:{&quot;unit&quot;:&quot;px&quot;,&quot;size&quot;:&quot;&quot;,&quot;sizes&quot;:[]},&quot;_transform_scale_effect_mobile&quot;:{&quot;unit&quot;:&quot;px&quot;,&quot;size&quot;:&quot;&quot;,&quot;sizes&quot;:[]}}\" data-widget_type=\"image.default\">\n\t\t\t\t<div class=\"elementor-widget-container\">\n\t\t\t\t\t\t\t\t\t\t\t\t\t\t\t<img decoding=\"async\" width=\"1\" height=\"1\" src=\"https:\/\/www.eestinoorsooteater.ee\/wp-content\/uploads\/2024\/09\/kujund3-roosa.svg\" class=\"attachment-medium_large size-medium_large wp-image-8947\" alt=\"\" \/>\t\t\t\t\t\t\t\t\t\t\t\t\t\t\t<\/div>\n\t\t\t\t<\/div>\n\t\t\t\t<\/div>\n\t\t\t\t\t<\/div>\n\t\t\t\t<\/div>\n\t\t<div class=\"elementor-element elementor-element-d1cc9eb e-flex e-con-boxed e-con e-parent\" data-id=\"d1cc9eb\" data-element_type=\"container\" data-e-type=\"container\">\n\t\t\t\t\t<div class=\"e-con-inner\">\n\t\t\t\t<div class=\"elementor-element elementor-element-b105c44 elementor-widget elementor-widget-spacer\" data-id=\"b105c44\" data-element_type=\"widget\" data-e-type=\"widget\" data-widget_type=\"spacer.default\">\n\t\t\t\t<div class=\"elementor-widget-container\">\n\t\t\t\t\t\t\t<div class=\"elementor-spacer\">\n\t\t\t<div class=\"elementor-spacer-inner\"><\/div>\n\t\t<\/div>\n\t\t\t\t\t\t<\/div>\n\t\t\t\t<\/div>\n\t\t\t\t\t<\/div>\n\t\t\t\t<\/div>\n\t\t\t\t<\/div>\n\t\t","protected":false},"excerpt":{"rendered":"<p>Noorsooteatri taskuh\u00e4\u00e4ling p\u00fc\u00fcdleb selle poole, et pakkuda argip\u00e4evas inspiratsiooni, julgustust, anal\u00fc\u00fcsi ja m\u00f5ttekaaslust nii noorele kui ka t\u00e4iskasvanud kuulajale. Enamik saateteemasid t\u00f5ukub Noorsooteatri repertuaarist, v\u00f5imaldades kuulajal saada nii infot eesootavate v\u00f5i \u00e4sja esietendunud uuslavastuste kohta kui leida tuge ja selgemat konteksti juba n\u00e4htud lavastuste m\u00f5testamisel.&nbsp; Taskuh\u00e4\u00e4lingu tunnusmuusika on loonud Markus Robam, kes on \u00fchtlasi mitme [&hellip;]<\/p>\n","protected":false},"author":2,"featured_media":439,"parent":12708,"menu_order":64,"comment_status":"closed","ping_status":"closed","template":"elementor_header_footer","meta":{"_acf_changed":false,"footnotes":""},"class_list":["post-26070","page","type-page","status-publish","has-post-thumbnail","hentry"],"acf":[],"_links":{"self":[{"href":"https:\/\/www.eestinoorsooteater.ee\/en\/wp-json\/wp\/v2\/pages\/26070","targetHints":{"allow":["GET"]}}],"collection":[{"href":"https:\/\/www.eestinoorsooteater.ee\/en\/wp-json\/wp\/v2\/pages"}],"about":[{"href":"https:\/\/www.eestinoorsooteater.ee\/en\/wp-json\/wp\/v2\/types\/page"}],"author":[{"embeddable":true,"href":"https:\/\/www.eestinoorsooteater.ee\/en\/wp-json\/wp\/v2\/users\/2"}],"replies":[{"embeddable":true,"href":"https:\/\/www.eestinoorsooteater.ee\/en\/wp-json\/wp\/v2\/comments?post=26070"}],"version-history":[{"count":4,"href":"https:\/\/www.eestinoorsooteater.ee\/en\/wp-json\/wp\/v2\/pages\/26070\/revisions"}],"predecessor-version":[{"id":37044,"href":"https:\/\/www.eestinoorsooteater.ee\/en\/wp-json\/wp\/v2\/pages\/26070\/revisions\/37044"}],"up":[{"embeddable":true,"href":"https:\/\/www.eestinoorsooteater.ee\/en\/wp-json\/wp\/v2\/pages\/12708"}],"wp:featuredmedia":[{"embeddable":true,"href":"https:\/\/www.eestinoorsooteater.ee\/en\/wp-json\/wp\/v2\/media\/439"}],"wp:attachment":[{"href":"https:\/\/www.eestinoorsooteater.ee\/en\/wp-json\/wp\/v2\/media?parent=26070"}],"curies":[{"name":"wp","href":"https:\/\/api.w.org\/{rel}","templated":true}]}}