{"id":26072,"date":"2024-10-08T08:18:54","date_gmt":"2024-10-08T05:18:54","guid":{"rendered":"https:\/\/2024.eestinoorsooteater.ee\/theatre\/teatrist-2\/"},"modified":"2025-10-19T14:39:55","modified_gmt":"2025-10-19T11:39:55","slug":"about-theatre","status":"publish","type":"page","link":"https:\/\/www.eestinoorsooteater.ee\/en\/theatre\/about-theatre\/","title":{"rendered":"About theatre"},"content":{"rendered":"\t\t<div data-elementor-type=\"wp-page\" data-elementor-id=\"26072\" class=\"elementor elementor-26072 elementor-11209\" data-elementor-post-type=\"page\">\n\t\t\t\t<div class=\"elementor-element elementor-element-8b39177 e-flex e-con-boxed e-con e-parent\" data-id=\"8b39177\" data-element_type=\"container\" data-e-type=\"container\">\n\t\t\t\t\t<div class=\"e-con-inner\">\n\t\t\t\t<div class=\"elementor-element elementor-element-3244ba8 elementor-widget elementor-widget-theme-post-title elementor-page-title elementor-widget-heading\" data-id=\"3244ba8\" data-element_type=\"widget\" data-e-type=\"widget\" data-widget_type=\"theme-post-title.default\">\n\t\t\t\t<div class=\"elementor-widget-container\">\n\t\t\t\t\t<h1 class=\"elementor-heading-title elementor-size-default\">About theatre<\/h1>\t\t\t\t<\/div>\n\t\t\t\t<\/div>\n\t\t\t\t\t<\/div>\n\t\t\t\t<\/div>\n\t\t<div class=\"elementor-element elementor-element-51b55dc e-flex e-con-boxed e-con e-parent\" data-id=\"51b55dc\" data-element_type=\"container\" data-e-type=\"container\" data-settings=\"{&quot;background_background&quot;:&quot;classic&quot;}\">\n\t\t\t\t\t<div class=\"e-con-inner\">\n\t\t<div class=\"elementor-element elementor-element-06739c5 e-con-full e-flex e-con e-child\" data-id=\"06739c5\" data-element_type=\"container\" data-e-type=\"container\">\n\t\t\t\t<div class=\"elementor-element elementor-element-f9fac75 elementor-nav-menu__align-center elementor-nav-menu--dropdown-none sidebar-menu elementor-widget elementor-widget-nav-menu\" data-id=\"f9fac75\" data-element_type=\"widget\" data-e-type=\"widget\" data-settings=\"{&quot;layout&quot;:&quot;vertical&quot;,&quot;submenu_icon&quot;:{&quot;value&quot;:&quot;&lt;svg aria-hidden=\\&quot;true\\&quot; class=\\&quot;e-font-icon-svg e-fas-caret-down\\&quot; viewBox=\\&quot;0 0 320 512\\&quot; xmlns=\\&quot;http:\\\/\\\/www.w3.org\\\/2000\\\/svg\\&quot;&gt;&lt;path d=\\&quot;M31.3 192h257.3c17.8 0 26.7 21.5 14.1 34.1L174.1 354.8c-7.8 7.8-20.5 7.8-28.3 0L17.2 226.1C4.6 213.5 13.5 192 31.3 192z\\&quot;&gt;&lt;\\\/path&gt;&lt;\\\/svg&gt;&quot;,&quot;library&quot;:&quot;fa-solid&quot;}}\" data-widget_type=\"nav-menu.default\">\n\t\t\t\t<div class=\"elementor-widget-container\">\n\t\t\t\t\t\t\t\t<nav aria-label=\"Menu\" class=\"elementor-nav-menu--main elementor-nav-menu__container elementor-nav-menu--layout-vertical e--pointer-underline e--animation-fade\">\n\t\t\t\t<ul id=\"menu-1-f9fac75\" class=\"elementor-nav-menu sm-vertical\"><li class=\"menu-item menu-item-type-post_type menu-item-object-page menu-item-26186\"><a href=\"https:\/\/www.eestinoorsooteater.ee\/en\/theatre\/history\/\" class=\"elementor-item\">History<\/a><\/li>\n<li class=\"menu-item menu-item-type-post_type menu-item-object-page menu-item-28590\"><a href=\"https:\/\/www.eestinoorsooteater.ee\/en\/theatre\/caravan-theatre\/\" class=\"elementor-item\">Caravan theatre<\/a><\/li>\n<li class=\"menu-item menu-item-type-post_type menu-item-object-page menu-item-26188\"><a href=\"https:\/\/www.eestinoorsooteater.ee\/en\/theatre\/youth-studio\/\" class=\"elementor-item\">Youth studio<\/a><\/li>\n<li class=\"menu-item menu-item-type-post_type menu-item-object-page menu-item-26189\"><a href=\"https:\/\/www.eestinoorsooteater.ee\/en\/theatre\/rooms-for-rent\/\" class=\"elementor-item\">Rooms for rent<\/a><\/li>\n<li class=\"menu-item menu-item-type-post_type menu-item-object-page menu-item-26190\"><a href=\"https:\/\/www.eestinoorsooteater.ee\/en\/theatre\/foundation\/\" class=\"elementor-item\">Foundation<\/a><\/li>\n<li class=\"menu-item menu-item-type-post_type menu-item-object-page menu-item-26191\"><a href=\"https:\/\/www.eestinoorsooteater.ee\/en\/theatre\/partners\/\" class=\"elementor-item\">Partners<\/a><\/li>\n<\/ul>\t\t\t<\/nav>\n\t\t\t\t\t\t<nav class=\"elementor-nav-menu--dropdown elementor-nav-menu__container\" aria-hidden=\"true\">\n\t\t\t\t<ul id=\"menu-2-f9fac75\" class=\"elementor-nav-menu sm-vertical\"><li class=\"menu-item menu-item-type-post_type menu-item-object-page menu-item-26186\"><a href=\"https:\/\/www.eestinoorsooteater.ee\/en\/theatre\/history\/\" class=\"elementor-item\" tabindex=\"-1\">History<\/a><\/li>\n<li class=\"menu-item menu-item-type-post_type menu-item-object-page menu-item-28590\"><a href=\"https:\/\/www.eestinoorsooteater.ee\/en\/theatre\/caravan-theatre\/\" class=\"elementor-item\" tabindex=\"-1\">Caravan theatre<\/a><\/li>\n<li class=\"menu-item menu-item-type-post_type menu-item-object-page menu-item-26188\"><a href=\"https:\/\/www.eestinoorsooteater.ee\/en\/theatre\/youth-studio\/\" class=\"elementor-item\" tabindex=\"-1\">Youth studio<\/a><\/li>\n<li class=\"menu-item menu-item-type-post_type menu-item-object-page menu-item-26189\"><a href=\"https:\/\/www.eestinoorsooteater.ee\/en\/theatre\/rooms-for-rent\/\" class=\"elementor-item\" tabindex=\"-1\">Rooms for rent<\/a><\/li>\n<li class=\"menu-item menu-item-type-post_type menu-item-object-page menu-item-26190\"><a href=\"https:\/\/www.eestinoorsooteater.ee\/en\/theatre\/foundation\/\" class=\"elementor-item\" tabindex=\"-1\">Foundation<\/a><\/li>\n<li class=\"menu-item menu-item-type-post_type menu-item-object-page menu-item-26191\"><a href=\"https:\/\/www.eestinoorsooteater.ee\/en\/theatre\/partners\/\" class=\"elementor-item\" tabindex=\"-1\">Partners<\/a><\/li>\n<\/ul>\t\t\t<\/nav>\n\t\t\t\t\t\t<\/div>\n\t\t\t\t<\/div>\n\t\t\t\t<\/div>\n\t\t<div class=\"elementor-element elementor-element-120d0d3 e-con-full e-flex e-con e-child\" data-id=\"120d0d3\" data-element_type=\"container\" data-e-type=\"container\">\n\t\t\t\t<div class=\"elementor-element elementor-element-6863a3d5 elementor-widget elementor-widget-text-editor\" data-id=\"6863a3d5\" data-element_type=\"widget\" data-e-type=\"widget\" data-widget_type=\"text-editor.default\">\n\t\t\t\t<div class=\"elementor-widget-container\">\n\t\t\t\t\t\t\t\t\t<p>Eesti Noorsooteater on noore vaataja teater, mis kujundab noore inimese kultuuriruumi, avardab tema tajusid, peegeldab tema maailmatunnetust, aitab tundma \u00f5ppida iseennast ja maailma. Teatri juurde kuuluvad ka <a href=\"https:\/\/www.eestinoorsooteater.ee\/muuseum\">Nukuteatrimuuseum <\/a>ja Rahvusvaheline <a href=\"https:\/\/www.eestinoorsooteater.ee\/teater\/festivalid\/tallinn-treff\/\">visuaalteatrifestival Tallinn Treff<\/a>, mis moodustavad teatriga s\u00fcnergilise terviku.<\/p><p>Eesti Noorsooteater l\u00e4htub loomingus t\u00f5ekspidamisest, et teater aitab noorel inimesel m\u00f5ista oma kohta maailmas v\u00f5i innustada ennast ja\/v\u00f5i maailma muutma. Teatri kaudu saab noor n\u00e4ha ja v\u00e4\u00e4rtustada suhteid \u00fcmbritsevaga \u2013 pere, s\u00f5prade, \u00fchiskonna, looduse ja erinevate kultuuridega \u2013, aga n\u00e4ha ka seda, mis neis suhetes on ebatervet v\u00f5i ohustavat. Sellise teatri m\u00f5juv\u00e4ljas kasvanud inimene astub ellu inspiratsioonist laetud empaatilise ja avarapilgulise isiksusena.<\/p><p> <\/p><p>Kui kogeda noores eas sisuliselt ja vormiliselt v\u00f5imalikult eripalgelist teatrit, siis tekib inimesel ka edaspidi tahe ja tarvidus p\u00f6\u00f6rduda nii teatri kui teiste kunstialade poole, et otsida intensiivseid esteetilisi elamusi ja maitsekat meelelahutust. Teater muutub loomulikuks osaks rikkast ja mitmekihilisest maailmapildist.<\/p><p> <\/p><p>Eesti Noorsooteater otsib kontakti noore vaatajaga, aga k\u00f5netab seejuures ka teisi vanusegruppe. Noorus ja arenemishimu on eelk\u00f5ige sisemise eluhoiaku k\u00fcsimus ning v\u00f5ib iseloomustada nii last, noorukit kui ka t\u00e4iskasvanut. Teatri \u00fclesanne on see igas inimeses peituv hoiak \u00e4ratada ja oma vaatajaga selle kaudu suhelda.<\/p><p> <\/p><p>Eesti Noorsooteater on ainus teater Eestis, mille repertuaaris on j\u00e4rjepidevalt visuaalteatrilavastusi, sealhulgas nukuteatrilavastusi. Lavastusi luues otsitakse sisuliste eesm\u00e4rkide ja visuaalsete v\u00e4ljendusvormide dialoogi. Visuaalteatri edendamine ning nukuteatritraditsioonide hoidmine on lahutamatu osa teatri identiteedist.<\/p><p> <\/p><p>Loe teatri missiooni ja visiooni kohta l\u00e4hemalt <a href=\"https:\/\/www.eestinoorsooteater.ee\/et\/eesti-noorsooteatri-missioon-ja-visioon\" data-type=\"page\" data-id=\"1847\">siit<\/a>.<\/p><p><\/p>\t\t\t\t\t\t\t\t<\/div>\n\t\t\t\t<\/div>\n\t\t<div class=\"elementor-element elementor-element-193fd2b e-con-full e-flex e-con e-child\" data-id=\"193fd2b\" data-element_type=\"container\" data-e-type=\"container\">\n\t\t\t\t<div class=\"elementor-element elementor-element-5f57132 all-images-gallery elementor-widget elementor-widget-gallery\" data-id=\"5f57132\" data-element_type=\"widget\" data-e-type=\"widget\" data-settings=\"{&quot;columns&quot;:3,&quot;aspect_ratio&quot;:&quot;1:1&quot;,&quot;_animation&quot;:&quot;none&quot;,&quot;gallery_layout&quot;:&quot;grid&quot;,&quot;columns_tablet&quot;:2,&quot;columns_mobile&quot;:1,&quot;gap&quot;:{&quot;unit&quot;:&quot;px&quot;,&quot;size&quot;:10,&quot;sizes&quot;:[]},&quot;gap_tablet&quot;:{&quot;unit&quot;:&quot;px&quot;,&quot;size&quot;:10,&quot;sizes&quot;:[]},&quot;gap_mobile&quot;:{&quot;unit&quot;:&quot;px&quot;,&quot;size&quot;:10,&quot;sizes&quot;:[]},&quot;link_to&quot;:&quot;file&quot;,&quot;content_hover_animation&quot;:&quot;fade-in&quot;}\" data-widget_type=\"gallery.default\">\n\t\t\t\t<div class=\"elementor-widget-container\">\n\t\t\t\t\t\t\t<div class=\"elementor-gallery__container\">\n\t\t\t\t\t\t\t<a class=\"e-gallery-item elementor-gallery-item elementor-animated-content\" href=\"https:\/\/www.eestinoorsooteater.ee\/wp-content\/uploads\/2024\/09\/Screenshot-2024-09-15-at-23.19.35.jpg\" data-elementor-open-lightbox=\"yes\" data-elementor-lightbox-slideshow=\"5f57132\" data-elementor-lightbox-title=\"Screenshot 2024-09-15 at 23.19.35\" data-e-action-hash=\"#elementor-action%3Aaction%3Dlightbox%26settings%3DeyJpZCI6ODYzMSwidXJsIjoiaHR0cHM6XC9cL3d3dy5lZXN0aW5vb3Jzb290ZWF0ZXIuZWVcL3dwLWNvbnRlbnRcL3VwbG9hZHNcLzIwMjRcLzA5XC9TY3JlZW5zaG90LTIwMjQtMDktMTUtYXQtMjMuMTkuMzUuanBnIiwic2xpZGVzaG93IjoiNWY1NzEzMiJ9\">\n\t\t\t\t\t<div class=\"e-gallery-image elementor-gallery-item__image\" data-thumbnail=\"https:\/\/www.eestinoorsooteater.ee\/wp-content\/uploads\/2024\/09\/Screenshot-2024-09-15-at-23.19.35.jpg\" data-width=\"500\" data-height=\"327\" aria-label=\"\" role=\"img\" ><\/div>\n\t\t\t\t\t\t\t\t\t\t\t\t\t\t<\/a>\n\t\t\t\t\t\t\t<a class=\"e-gallery-item elementor-gallery-item elementor-animated-content\" href=\"https:\/\/www.eestinoorsooteater.ee\/wp-content\/uploads\/2024\/09\/Noorsooteater_Mattias-Malk.jpg\" data-elementor-open-lightbox=\"yes\" data-elementor-lightbox-slideshow=\"5f57132\" data-elementor-lightbox-title=\"Noorsooteater_Mattias Malk\" data-e-action-hash=\"#elementor-action%3Aaction%3Dlightbox%26settings%3DeyJpZCI6OTc5MCwidXJsIjoiaHR0cHM6XC9cL3d3dy5lZXN0aW5vb3Jzb290ZWF0ZXIuZWVcL3dwLWNvbnRlbnRcL3VwbG9hZHNcLzIwMjRcLzA5XC9Ob29yc29vdGVhdGVyX01hdHRpYXMtTWFsay5qcGciLCJzbGlkZXNob3ciOiI1ZjU3MTMyIn0%3D\">\n\t\t\t\t\t<div class=\"e-gallery-image elementor-gallery-item__image\" data-thumbnail=\"https:\/\/www.eestinoorsooteater.ee\/wp-content\/uploads\/2024\/09\/Noorsooteater_Mattias-Malk.jpg\" data-width=\"500\" data-height=\"333\" aria-label=\"\" role=\"img\" ><\/div>\n\t\t\t\t\t\t\t\t\t\t\t\t\t\t<\/a>\n\t\t\t\t\t\t\t<a class=\"e-gallery-item elementor-gallery-item elementor-animated-content\" href=\"https:\/\/www.eestinoorsooteater.ee\/wp-content\/uploads\/2024\/09\/Screenshot-2024-09-15-at-23.19.32.jpg\" data-elementor-open-lightbox=\"yes\" data-elementor-lightbox-slideshow=\"5f57132\" data-elementor-lightbox-title=\"Screenshot 2024-09-15 at 23.19.32\" data-e-action-hash=\"#elementor-action%3Aaction%3Dlightbox%26settings%3DeyJpZCI6ODYyOSwidXJsIjoiaHR0cHM6XC9cL3d3dy5lZXN0aW5vb3Jzb290ZWF0ZXIuZWVcL3dwLWNvbnRlbnRcL3VwbG9hZHNcLzIwMjRcLzA5XC9TY3JlZW5zaG90LTIwMjQtMDktMTUtYXQtMjMuMTkuMzIuanBnIiwic2xpZGVzaG93IjoiNWY1NzEzMiJ9\">\n\t\t\t\t\t<div class=\"e-gallery-image elementor-gallery-item__image\" data-thumbnail=\"https:\/\/www.eestinoorsooteater.ee\/wp-content\/uploads\/2024\/09\/Screenshot-2024-09-15-at-23.19.32.jpg\" data-width=\"500\" data-height=\"364\" aria-label=\"\" role=\"img\" ><\/div>\n\t\t\t\t\t\t\t\t\t\t\t\t\t\t<\/a>\n\t\t\t\t\t<\/div>\n\t\t\t\t\t<\/div>\n\t\t\t\t<\/div>\n\t\t\t\t<div data-dce-background-color=\"#FFFFFF00\" class=\"elementor-element elementor-element-21493af elementor-align-right elementor-button-info elementor-widget elementor-widget-button\" data-id=\"21493af\" data-element_type=\"widget\" data-e-type=\"widget\" data-widget_type=\"button.default\">\n\t\t\t\t<div class=\"elementor-widget-container\">\n\t\t\t\t\t\t\t\t\t<div class=\"elementor-button-wrapper\">\n\t\t\t\t\t<a class=\"elementor-button elementor-size-sm\" role=\"button\" id=\"allImages\">\n\t\t\t\t\t\t<span class=\"elementor-button-content-wrapper\">\n\t\t\t\t\t\t<span class=\"elementor-button-icon\">\n\t\t\t\t<svg xmlns=\"http:\/\/www.w3.org\/2000\/svg\" id=\"Layer_1\" data-name=\"Layer 1\" width=\"38\" height=\"15\" viewBox=\"0 0 38 14.72\"><path d=\"M37.71,8.07c.39-.39.39-1.02,0-1.41L31.34.29c-.39-.39-1.02-.39-1.41,0-.39.39-.39,1.02,0,1.41l5.66,5.66-5.66,5.66c-.39.39-.39,1.02,0,1.41s1.02.39,1.41,0l6.36-6.36h0ZM0,8.36h37v-2H0v2Z\"><\/path><\/svg>\t\t\t<\/span>\n\t\t\t\t\t\t\t\t\t<span class=\"elementor-button-text\">K\u00f5ik pildid<\/span>\n\t\t\t\t\t<\/span>\n\t\t\t\t\t<\/a>\n\t\t\t\t<\/div>\n\t\t\t\t\t\t\t\t<\/div>\n\t\t\t\t<\/div>\n\t\t\t\t<\/div>\n\t\t\t\t<div class=\"elementor-element elementor-element-e278e30 elementor-widget__width-inherit elementor-absolute e-transform e-transform dce_masking-none elementor-widget elementor-widget-image\" data-id=\"e278e30\" data-element_type=\"widget\" data-e-type=\"widget\" data-settings=\"{&quot;_position&quot;:&quot;absolute&quot;,&quot;_transform_rotateZ_effect&quot;:{&quot;unit&quot;:&quot;px&quot;,&quot;size&quot;:14,&quot;sizes&quot;:[]},&quot;_transform_scale_effect&quot;:{&quot;unit&quot;:&quot;px&quot;,&quot;size&quot;:1.5,&quot;sizes&quot;:[]},&quot;_transform_rotateZ_effect_tablet&quot;:{&quot;unit&quot;:&quot;deg&quot;,&quot;size&quot;:&quot;&quot;,&quot;sizes&quot;:[]},&quot;_transform_rotateZ_effect_mobile&quot;:{&quot;unit&quot;:&quot;deg&quot;,&quot;size&quot;:&quot;&quot;,&quot;sizes&quot;:[]},&quot;_transform_scale_effect_tablet&quot;:{&quot;unit&quot;:&quot;px&quot;,&quot;size&quot;:&quot;&quot;,&quot;sizes&quot;:[]},&quot;_transform_scale_effect_mobile&quot;:{&quot;unit&quot;:&quot;px&quot;,&quot;size&quot;:&quot;&quot;,&quot;sizes&quot;:[]}}\" data-widget_type=\"image.default\">\n\t\t\t\t<div class=\"elementor-widget-container\">\n\t\t\t\t\t\t\t\t\t\t\t\t\t\t\t<img decoding=\"async\" width=\"1\" height=\"1\" src=\"https:\/\/www.eestinoorsooteater.ee\/wp-content\/uploads\/2024\/09\/kujund3-roosa.svg\" class=\"attachment-medium_large size-medium_large wp-image-8947\" alt=\"\" \/>\t\t\t\t\t\t\t\t\t\t\t\t\t\t\t<\/div>\n\t\t\t\t<\/div>\n\t\t\t\t<\/div>\n\t\t\t\t\t<\/div>\n\t\t\t\t<\/div>\n\t\t<div class=\"elementor-element elementor-element-d1cc9eb e-flex e-con-boxed e-con e-parent\" data-id=\"d1cc9eb\" data-element_type=\"container\" data-e-type=\"container\">\n\t\t\t\t\t<div class=\"e-con-inner\">\n\t\t\t\t<div class=\"elementor-element elementor-element-b105c44 elementor-widget elementor-widget-spacer\" data-id=\"b105c44\" data-element_type=\"widget\" data-e-type=\"widget\" data-widget_type=\"spacer.default\">\n\t\t\t\t<div class=\"elementor-widget-container\">\n\t\t\t\t\t\t\t<div class=\"elementor-spacer\">\n\t\t\t<div class=\"elementor-spacer-inner\"><\/div>\n\t\t<\/div>\n\t\t\t\t\t\t<\/div>\n\t\t\t\t<\/div>\n\t\t\t\t\t<\/div>\n\t\t\t\t<\/div>\n\t\t\t\t<\/div>\n\t\t","protected":false},"excerpt":{"rendered":"<p>Eesti Noorsooteater on noore vaataja teater, mis kujundab noore inimese kultuuriruumi, avardab tema tajusid, peegeldab tema maailmatunnetust, aitab tundma \u00f5ppida iseennast ja maailma. Teatri juurde kuuluvad ka Nukuteatrimuuseum ja Rahvusvaheline visuaalteatrifestival Tallinn Treff, mis moodustavad teatriga s\u00fcnergilise terviku. Eesti Noorsooteater l\u00e4htub loomingus t\u00f5ekspidamisest, et teater aitab noorel inimesel m\u00f5ista oma kohta maailmas v\u00f5i innustada ennast [&hellip;]<\/p>\n","protected":false},"author":2,"featured_media":439,"parent":3313,"menu_order":65,"comment_status":"closed","ping_status":"closed","template":"elementor_header_footer","meta":{"_acf_changed":false,"footnotes":""},"class_list":["post-26072","page","type-page","status-publish","has-post-thumbnail","hentry"],"acf":[],"_links":{"self":[{"href":"https:\/\/www.eestinoorsooteater.ee\/en\/wp-json\/wp\/v2\/pages\/26072","targetHints":{"allow":["GET"]}}],"collection":[{"href":"https:\/\/www.eestinoorsooteater.ee\/en\/wp-json\/wp\/v2\/pages"}],"about":[{"href":"https:\/\/www.eestinoorsooteater.ee\/en\/wp-json\/wp\/v2\/types\/page"}],"author":[{"embeddable":true,"href":"https:\/\/www.eestinoorsooteater.ee\/en\/wp-json\/wp\/v2\/users\/2"}],"replies":[{"embeddable":true,"href":"https:\/\/www.eestinoorsooteater.ee\/en\/wp-json\/wp\/v2\/comments?post=26072"}],"version-history":[{"count":5,"href":"https:\/\/www.eestinoorsooteater.ee\/en\/wp-json\/wp\/v2\/pages\/26072\/revisions"}],"predecessor-version":[{"id":38853,"href":"https:\/\/www.eestinoorsooteater.ee\/en\/wp-json\/wp\/v2\/pages\/26072\/revisions\/38853"}],"up":[{"embeddable":true,"href":"https:\/\/www.eestinoorsooteater.ee\/en\/wp-json\/wp\/v2\/pages\/3313"}],"wp:featuredmedia":[{"embeddable":true,"href":"https:\/\/www.eestinoorsooteater.ee\/en\/wp-json\/wp\/v2\/media\/439"}],"wp:attachment":[{"href":"https:\/\/www.eestinoorsooteater.ee\/en\/wp-json\/wp\/v2\/media?parent=26072"}],"curies":[{"name":"wp","href":"https:\/\/api.w.org\/{rel}","templated":true}]}}