{"id":36699,"date":"2025-09-23T15:46:09","date_gmt":"2025-09-23T12:46:09","guid":{"rendered":"https:\/\/2024.eestinoorsooteater.ee\/?page_id=36699"},"modified":"2025-09-23T15:58:19","modified_gmt":"2025-09-23T12:58:19","slug":"eesti-noorsooteatri-missioon-ja-visioon","status":"publish","type":"page","link":"https:\/\/www.eestinoorsooteater.ee\/en\/eesti-noorsooteatri-missioon-ja-visioon\/","title":{"rendered":"Eesti Noorsooteatri missioon ja visioon"},"content":{"rendered":"\t\t<div data-elementor-type=\"wp-page\" data-elementor-id=\"36699\" class=\"elementor elementor-36699 elementor-36694\" data-elementor-post-type=\"page\">\n\t\t\t\t<div class=\"elementor-element elementor-element-7de5257d e-flex e-con-boxed e-con e-parent\" data-id=\"7de5257d\" data-element_type=\"container\" data-e-type=\"container\">\n\t\t\t\t\t<div class=\"e-con-inner\">\n\t\t\t\t<div class=\"elementor-element elementor-element-c2cf2d0 elementor-widget elementor-widget-text-editor\" data-id=\"c2cf2d0\" data-element_type=\"widget\" data-e-type=\"widget\" data-widget_type=\"text-editor.default\">\n\t\t\t\t<div class=\"elementor-widget-container\">\n\t\t\t\t\t\t\t\t\t\n<p><strong>Missioon<\/strong><\/p>\n\n\n\n<p>Eesti Noorsooteatri missioon on kujundada noore inimese kultuuriruumi, avardada tema tajusid, peegeldada tema elutunnetust, aidata tundma \u00f5ppida iseennast ja maailma.&nbsp;<\/p>\n\n\n\n<p>Teater aitab noorel inimesel m\u00f5ista oma kohta maailmas v\u00f5i ennast ja\/v\u00f5i maailma muuta. Teater on vahend, mille kaudu n\u00e4ha ja v\u00e4\u00e4rtustada suhteid \u00fcmbritsevaga \u2013 pere, s\u00f5prade, \u00fchiskonna, looduse ja erinevate kultuuridega \u2013, aga m\u00e4rgata ka seda, mis neis suhetes on ebatervet v\u00f5i ohustavat. Sellise teatri m\u00f5juv\u00e4ljas kasvanud inimene astub ellu inspiratsioonist laetud empaatilise ja avarapilgulise isiksusena.<\/p>\n\n\n\n<p>Kui kogeda noores eas sisuliselt ja vormiliselt v\u00f5imalikult eripalgelist teatrit, siis tekib inimesel ka edaspidi tahe ja tarvidus p\u00f6\u00f6rduda nii teatri kui teiste kunstialade poole, et otsida intensiivseid esteetilisi elamusi ja maitsekat meelelahutust. Teater muutub loomulikuks osaks rikkast ja mitmekihilisest maailmapildist.<\/p>\n\n\n\n<p>Eesti Noorsooteater otsib kontakti noore vaatajaga, aga k\u00f5netab seejuures ka teisi vanusegruppe. Noorus ja arenemishimu on eelk\u00f5ige sisemise eluhoiaku k\u00fcsimus ning v\u00f5ib iseloomustada nii last, noorukit kui ka t\u00e4iskasvanut. Teatri \u00fclesanne on see igas inimeses peituv hoiak \u00e4ratada ja oma vaatajaga selle kaudu suhelda.&nbsp;<\/p>\n\n\n\n<p><strong>Visioon<\/strong><\/p>\n\n\n\n<p>Eesti Noorsooteatri peamine sihtgrupp on noor vaataja, kellele suunatud lavastused on oma sisu, teatrikeele ja kunstilise kvaliteedi poolest ka t\u00e4iskasvanud teatrihuvilise jaoks t\u00e4helepanuv\u00e4\u00e4rsed. Eesti Noorsooteatril on oma kindel koht ja h\u00e4\u00e4l eesti teatri- ja kultuurimaastikul ning \u00fchiskonnas laiemalt. Publikut k\u00f6idavad nii lavastuste teemad, mis puudutavad \u00fcldinimlikult ja \u00fchiskondlikult olulisi k\u00fcsimusi, kui ka sisu ja vormi l\u00e4bim\u00f5eldud suhe. Oma professionaalse taseme poolest on Eesti Noorsooteater oodatud k\u00fclaline rahvusvahelistel teatrifestivalidel.<\/p>\n\n\n\n<p>Eesti Noorsooteater otsib iga loo ja teema k\u00e4sitlemiseks v\u00e4ljendusvahendeid, mis seda k\u00f5ige t\u00e4psemalt ja p\u00f5nevamalt avaksid. Kombineerime erinevaid lavastusliike ega v\u00f5ta \u00fchtegi vormi enesestm\u00f5istetava etteantusena. Otsime igas lavastuses sisu ja vormi vastastikku rikastavat dialoogi. Meie v\u00e4ljendusvahendite seas on olulisel kohal visuaalteater ehk visuaalse dominandiga lavastusliigid nagu nuku-, objekti-, materjali-, digitaal-, multimeedia- ja f\u00fc\u00fcsiline teater. Eesti Noorsooteater otsib v\u00e4rsket ja arenevat teatrikeelt, mis vastaks noore vaataja elutunnetusele, toetaks tema fantaasiat ja kujundilugemisoskust ning avardaks eesti teatri vormilist mitmekesisust.&nbsp;&nbsp;<\/p>\n\n\n\n<p>Lisaks lavastustele viib Eesti Noorsooteater oma missiooni ellu haridustegevuse, nukuteatrimuuseumi ja rahvusvahelise visuaalteatrifestivali ning muude lisategevuste kaudu, mis k\u00f5ik koonduvad \u00fchisnimetaja Noorsooteater+&nbsp; alla. Noorsooteater+ moodustab teatriga s\u00fcnergilise terviku, edendades noorele vaatajale suunatud teatrit Eestis ja maailmas ning pakkudes inspireerivat keskkonda loominguliseks arenguks ja eneseteostuseks. Noorsooteater+ loob platvormi meie missiooni toetavate loominguliste ideede elluviimiseks, mis p\u00e4rinevad nii teatri seest kui v\u00e4ljast.<\/p>\n\n\n\n<p><strong>Nukuteatrimuuseum<\/strong><\/p>\n\n\n\n<p>Eesti Noorsooteatri juurde kuuluv&nbsp;Nukuteatrimuuseum&nbsp;on Eesti ja maailma nukuteatrit tutvustav m\u00e4luasutus. Muuseumis uuritakse, eksponeeritakse ja tutvustatakse nukuteatrit ja laiemalt visuaalteatrit, samuti meie teatri ajalugu. Toimuvad haridus- ja teatriprogrammid, kohtumised, loengud ja meistriklassid.&nbsp; Muuseumis j\u00e4tkub dialoog publikuga, avatakse lavastuste tausta ja anal\u00fc\u00fcsitakse teatris n\u00e4htut.<\/p>\n\n\n\n<p><strong>Rahvusvaheline visuaalteatrifestival Tallinn Treff<\/strong><\/p>\n\n\n\n<p>Tallinn Treff&nbsp;on iga kahe aasta tagant toimuv rahvusvaheline visuaalteatrifestival, mille missioon on kaasaegse visuaalteatri vahendamine eesti vaatajatele, teatriprofessionaalide silmaringi ja oskuste avardamine, rahvusvaheliste kontaktide loomine ning v\u00e4ljundiv\u00f5imaluste pakkumine oma ala tipptegijatele.<\/p>\n\n\n\n<p>Nii lastele kui t\u00e4iskasvanutele suunatud v\u00e4lislavastuste programm tutvustab visuaalteatri v\u00f5imalusi ning arendab oskust lugeda erinevaid teatrikeeli. Eesti Noorsooteatri omalavastuste programm v\u00f5imaldab teatrit\u00f6\u00f6tajatel, -publikul ja -teoreetikutel asetada meie lavastused maailma visuaalteatri konteksti. Sel moel t\u00f5stab festival nii tegijate kui vaatajate teadlikkust ja huvi erinevate teatrivormide vastu. Eesti Noorsooteatri ja teiste Eesti teatrite lavastused tutvustavad v\u00e4lisekspertidele meie visuaalteatrit, festivalil luuakse kontakte erialaseks koost\u00f6\u00f6ks ja v\u00e4lisfestivalidel osalemiseks.<\/p>\n\t\t\t\t\t\t\t\t<\/div>\n\t\t\t\t<\/div>\n\t\t\t\t\t<\/div>\n\t\t\t\t<\/div>\n\t\t\t\t<\/div>\n\t\t","protected":false},"excerpt":{"rendered":"<p>Missioon Eesti Noorsooteatri missioon on kujundada noore inimese kultuuriruumi, avardada tema tajusid, peegeldada tema elutunnetust, aidata tundma \u00f5ppida iseennast ja maailma.&nbsp; Teater aitab noorel inimesel m\u00f5ista oma kohta maailmas v\u00f5i ennast ja\/v\u00f5i maailma muuta. Teater on vahend, mille kaudu n\u00e4ha ja v\u00e4\u00e4rtustada suhteid \u00fcmbritsevaga \u2013 pere, s\u00f5prade, \u00fchiskonna, looduse ja erinevate kultuuridega \u2013, aga m\u00e4rgata [&hellip;]<\/p>\n","protected":false},"author":1,"featured_media":0,"parent":0,"menu_order":80,"comment_status":"closed","ping_status":"closed","template":"","meta":{"_acf_changed":false,"footnotes":""},"class_list":["post-36699","page","type-page","status-publish","hentry"],"acf":[],"_links":{"self":[{"href":"https:\/\/www.eestinoorsooteater.ee\/en\/wp-json\/wp\/v2\/pages\/36699","targetHints":{"allow":["GET"]}}],"collection":[{"href":"https:\/\/www.eestinoorsooteater.ee\/en\/wp-json\/wp\/v2\/pages"}],"about":[{"href":"https:\/\/www.eestinoorsooteater.ee\/en\/wp-json\/wp\/v2\/types\/page"}],"author":[{"embeddable":true,"href":"https:\/\/www.eestinoorsooteater.ee\/en\/wp-json\/wp\/v2\/users\/1"}],"replies":[{"embeddable":true,"href":"https:\/\/www.eestinoorsooteater.ee\/en\/wp-json\/wp\/v2\/comments?post=36699"}],"version-history":[{"count":5,"href":"https:\/\/www.eestinoorsooteater.ee\/en\/wp-json\/wp\/v2\/pages\/36699\/revisions"}],"predecessor-version":[{"id":36712,"href":"https:\/\/www.eestinoorsooteater.ee\/en\/wp-json\/wp\/v2\/pages\/36699\/revisions\/36712"}],"wp:attachment":[{"href":"https:\/\/www.eestinoorsooteater.ee\/en\/wp-json\/wp\/v2\/media?parent=36699"}],"curies":[{"name":"wp","href":"https:\/\/api.w.org\/{rel}","templated":true}]}}