{"id":9620,"date":"2024-07-01T11:55:07","date_gmt":"2024-07-01T08:55:07","guid":{"rendered":"https:\/\/2024.eestinoorsooteater.ee\/kohtumised-naitlejate-ja-nukkudega\/"},"modified":"2025-06-27T14:29:27","modified_gmt":"2025-06-27T11:29:27","slug":"encounters-with-actors-and-puppets","status":"publish","type":"page","link":"https:\/\/www.eestinoorsooteater.ee\/en\/puppet-museum\/activities\/encounters-with-actors-and-puppets\/","title":{"rendered":"Encounters with actors and puppets"},"content":{"rendered":"\t\t<div data-elementor-type=\"wp-page\" data-elementor-id=\"9620\" class=\"elementor elementor-9620 elementor-2782\" data-elementor-post-type=\"page\">\n\t\t\t\t<div class=\"elementor-element elementor-element-de797e9 e-flex e-con-boxed e-con e-parent\" data-id=\"de797e9\" data-element_type=\"container\" data-e-type=\"container\">\n\t\t\t\t\t<div class=\"e-con-inner\">\n\t\t\t\t<div class=\"elementor-element elementor-element-4eaa810 elementor-widget elementor-widget-theme-post-title elementor-page-title elementor-widget-heading\" data-id=\"4eaa810\" data-element_type=\"widget\" data-e-type=\"widget\" data-widget_type=\"theme-post-title.default\">\n\t\t\t\t<div class=\"elementor-widget-container\">\n\t\t\t\t\t<h1 class=\"elementor-heading-title elementor-size-default\">Encounters with actors and puppets<\/h1>\t\t\t\t<\/div>\n\t\t\t\t<\/div>\n\t\t\t\t<div class=\"elementor-element elementor-element-9851501 elementor-align-left elementor-button-info elementor-widget elementor-widget-button\" data-id=\"9851501\" data-element_type=\"widget\" data-e-type=\"widget\" data-widget_type=\"button.default\">\n\t\t\t\t<div class=\"elementor-widget-container\">\n\t\t\t\t\t\t\t\t\t<div class=\"elementor-button-wrapper\">\n\t\t\t\t\t<a class=\"elementor-button elementor-button-link elementor-size-sm\" href=\"https:\/\/www.eestinoorsooteater.ee\/en\/puppet-museum\/activities\/\">\n\t\t\t\t\t\t<span class=\"elementor-button-content-wrapper\">\n\t\t\t\t\t\t<span class=\"elementor-button-icon\">\n\t\t\t\t<svg xmlns=\"http:\/\/www.w3.org\/2000\/svg\" id=\"Layer_1\" data-name=\"Layer 1\" width=\"31\" height=\"15\" viewBox=\"0 0 31 14.72\"><path d=\"M.29,6.65c-.39.39-.39,1.02,0,1.41l6.36,6.36c.39.39,1.02.39,1.41,0s.39-1.02,0-1.41L2.41,7.35,8.07,1.7c.39-.39.39-1.02,0-1.41-.39-.39-1.02-.39-1.41,0L.29,6.65ZM31,6.35H1v2h30v-2Z\"><\/path><\/svg>\t\t\t<\/span>\n\t\t\t\t\t\t\t\t\t<span class=\"elementor-button-text\">Back<\/span>\n\t\t\t\t\t<\/span>\n\t\t\t\t\t<\/a>\n\t\t\t\t<\/div>\n\t\t\t\t\t\t\t\t<\/div>\n\t\t\t\t<\/div>\n\t\t\t\t\t<\/div>\n\t\t\t\t<\/div>\n\t\t<div class=\"elementor-element elementor-element-acb5e4a e-flex e-con-boxed e-con e-parent\" data-id=\"acb5e4a\" data-element_type=\"container\" data-e-type=\"container\">\n\t\t\t\t\t<div class=\"e-con-inner\">\n\t\t<div class=\"elementor-element elementor-element-d738e7f e-con-full e-flex e-con e-child\" data-id=\"d738e7f\" data-element_type=\"container\" data-e-type=\"container\">\n\t\t\t\t<div class=\"elementor-element elementor-element-63fe72b elementor-grid-1 elementor-grid-tablet-1 elementor-grid-mobile-1 elementor-widget elementor-widget-loop-grid\" data-id=\"63fe72b\" data-element_type=\"widget\" data-e-type=\"widget\" data-settings=\"{&quot;template_id&quot;:33579,&quot;columns&quot;:1,&quot;columns_tablet&quot;:1,&quot;_skin&quot;:&quot;post&quot;,&quot;columns_mobile&quot;:&quot;1&quot;,&quot;edit_handle_selector&quot;:&quot;[data-elementor-type=\\&quot;loop-item\\&quot;]&quot;,&quot;row_gap&quot;:{&quot;unit&quot;:&quot;px&quot;,&quot;size&quot;:&quot;&quot;,&quot;sizes&quot;:[]},&quot;row_gap_tablet&quot;:{&quot;unit&quot;:&quot;px&quot;,&quot;size&quot;:&quot;&quot;,&quot;sizes&quot;:[]},&quot;row_gap_mobile&quot;:{&quot;unit&quot;:&quot;px&quot;,&quot;size&quot;:&quot;&quot;,&quot;sizes&quot;:[]}}\" data-widget_type=\"loop-grid.post\">\n\t\t\t\t<div class=\"elementor-widget-container\">\n\t\t\t\t\t\t\t<div class=\"elementor-loop-container elementor-grid\" role=\"list\">\n\t\t<style id=\"loop-33579\">.elementor-33579 .elementor-element.elementor-element-60010dd{--display:flex;--flex-direction:row;--container-widget-width:initial;--container-widget-height:100%;--container-widget-flex-grow:1;--container-widget-align-self:stretch;--flex-wrap-mobile:wrap;border-style:solid;--border-style:solid;border-width:0px 0px 1px 0px;--border-top-width:0px;--border-right-width:0px;--border-bottom-width:1px;--border-left-width:0px;--padding-top:0px;--padding-bottom:20px;--padding-left:0px;--padding-right:0px;}.elementor-33579 .elementor-element.elementor-element-d168ddd{--display:flex;--flex-direction:column;--container-widget-width:100%;--container-widget-height:initial;--container-widget-flex-grow:0;--container-widget-align-self:initial;--flex-wrap-mobile:wrap;--padding-top:0px;--padding-bottom:0px;--padding-left:0px;--padding-right:0px;}.elementor-widget-theme-post-featured-image .widget-image-caption{color:var( --e-global-color-text );font-family:var( --e-global-typography-text-font-family ), Sans-serif;font-weight:var( --e-global-typography-text-font-weight );}.elementor-33579 .elementor-element.elementor-element-2b2a4f3 img{width:100%;height:100%;object-fit:cover;object-position:center center;}.elementor-33579 .elementor-element.elementor-element-bf9cb48{--display:flex;--flex-direction:column;--container-widget-width:100%;--container-widget-height:initial;--container-widget-flex-grow:0;--container-widget-align-self:initial;--flex-wrap-mobile:wrap;--justify-content:center;--gap:10px 10px;--row-gap:10px;--column-gap:10px;--padding-top:0px;--padding-bottom:0px;--padding-left:0px;--padding-right:0px;}.elementor-widget-theme-post-title .elementor-heading-title{font-family:var( --e-global-typography-primary-font-family ), Sans-serif;font-weight:var( --e-global-typography-primary-font-weight );color:var( --e-global-color-primary );}.elementor-33579 .elementor-element.elementor-element-3026494 .elementor-heading-title{font-family:\"Euclid Cirular B\", Sans-serif;font-weight:700;text-transform:uppercase;}.elementor-widget-icon-list .elementor-icon-list-item:not(:last-child):after{border-color:var( --e-global-color-text );}.elementor-widget-icon-list .elementor-icon-list-icon i{color:var( --e-global-color-primary );}.elementor-widget-icon-list .elementor-icon-list-icon svg{fill:var( --e-global-color-primary );}.elementor-widget-icon-list .elementor-icon-list-item > .elementor-icon-list-text, .elementor-widget-icon-list .elementor-icon-list-item > a{font-family:var( --e-global-typography-text-font-family ), Sans-serif;font-weight:var( --e-global-typography-text-font-weight );}.elementor-widget-icon-list .elementor-icon-list-text{color:var( --e-global-color-secondary );}.elementor-33579 .elementor-element.elementor-element-1e93ec0 .elementor-icon-list-items:not(.elementor-inline-items) .elementor-icon-list-item:not(:last-child){padding-block-end:calc(16px\/2);}.elementor-33579 .elementor-element.elementor-element-1e93ec0 .elementor-icon-list-items:not(.elementor-inline-items) .elementor-icon-list-item:not(:first-child){margin-block-start:calc(16px\/2);}.elementor-33579 .elementor-element.elementor-element-1e93ec0 .elementor-icon-list-items.elementor-inline-items .elementor-icon-list-item{margin-inline:calc(16px\/2);}.elementor-33579 .elementor-element.elementor-element-1e93ec0 .elementor-icon-list-items.elementor-inline-items{margin-inline:calc(-16px\/2);}.elementor-33579 .elementor-element.elementor-element-1e93ec0 .elementor-icon-list-items.elementor-inline-items .elementor-icon-list-item:after{inset-inline-end:calc(-16px\/2);}.elementor-33579 .elementor-element.elementor-element-1e93ec0 .elementor-icon-list-item:not(:last-child):after{content:\"\";border-color:var( --e-global-color-text );}.elementor-33579 .elementor-element.elementor-element-1e93ec0 .elementor-icon-list-items:not(.elementor-inline-items) .elementor-icon-list-item:not(:last-child):after{border-block-start-style:solid;border-block-start-width:2px;}.elementor-33579 .elementor-element.elementor-element-1e93ec0 .elementor-icon-list-items.elementor-inline-items .elementor-icon-list-item:not(:last-child):after{border-inline-start-style:solid;}.elementor-33579 .elementor-element.elementor-element-1e93ec0 .elementor-inline-items .elementor-icon-list-item:not(:last-child):after{border-inline-start-width:2px;}.elementor-33579 .elementor-element.elementor-element-1e93ec0 .elementor-icon-list-icon i{transition:color 0.3s;}.elementor-33579 .elementor-element.elementor-element-1e93ec0 .elementor-icon-list-icon svg{transition:fill 0.3s;}.elementor-33579 .elementor-element.elementor-element-1e93ec0{--e-icon-list-icon-size:14px;--icon-vertical-offset:0px;}.elementor-33579 .elementor-element.elementor-element-1e93ec0 .elementor-icon-list-icon{padding-inline-end:0px;}.elementor-33579 .elementor-element.elementor-element-1e93ec0 .elementor-icon-list-item > .elementor-icon-list-text, .elementor-33579 .elementor-element.elementor-element-1e93ec0 .elementor-icon-list-item > a{font-family:\"Euclid Cirular B\", Sans-serif;font-weight:400;text-transform:uppercase;}.elementor-33579 .elementor-element.elementor-element-1e93ec0 .elementor-icon-list-text{color:var( --e-global-color-accent );transition:color 0.3s;}.elementor-33579 .elementor-element.elementor-element-1e93ec0 > .elementor-widget-container{padding:0px 0px 0px 0px;}.elementor-widget-theme-post-excerpt .elementor-widget-container{font-family:var( --e-global-typography-text-font-family ), Sans-serif;font-weight:var( --e-global-typography-text-font-weight );color:var( --e-global-color-text );}@media(min-width:768px){.elementor-33579 .elementor-element.elementor-element-d168ddd{--width:33.3333%;}.elementor-33579 .elementor-element.elementor-element-bf9cb48{--width:66.6666%;}}\/* Start custom CSS for theme-post-featured-image, class: .elementor-element-2b2a4f3 *\/.elementor-33579 .elementor-element.elementor-element-2b2a4f3 a {\n    display: flex;\n}\n.elementor-33579 .elementor-element.elementor-element-2b2a4f3 img {\n    object-fit: cover;\n    max-height: 350px;\n    overflow: hidden;\n}\n@media screen and (min-width:768px) {\n.elementor-33579 .elementor-element.elementor-element-2b2a4f3 a {\n    display: flex;\n    padding-bottom: 65%;\n    overflow: hidden;\n}\n.elementor-33579 .elementor-element.elementor-element-2b2a4f3 img {\n    position: absolute;\n    inset: 0;\n    max-height: auto;\n}\n}\/* End custom CSS *\/\n\/* Start custom CSS for icon-list, class: .elementor-element-1e93ec0 *\/.elementor-33579 .elementor-element.elementor-element-1e93ec0 .elementor-icon-list-item:has(.elementor-icon-list-text:empty) {\n    display: none;\n}\/* End custom CSS *\/<\/style>\t\t<div data-elementor-type=\"loop-item\" data-elementor-id=\"33579\" class=\"elementor elementor-33579 elementor-28203 elementor-28203 e-loop-item e-loop-item-45634 post-45634 tegevused type-tegevused status-publish has-post-thumbnail hentry tegevusliik-virtual-workshop tegevusliik-workshop tegevusliik-meeting-with-actors-and-puppets\" data-elementor-post-type=\"elementor_library\" data-custom-edit-handle=\"1\">\n\t\t\t<div class=\"elementor-element elementor-element-60010dd e-flex e-con-boxed e-con e-parent\" data-id=\"60010dd\" data-element_type=\"container\" data-e-type=\"container\">\n\t\t\t\t\t<div class=\"e-con-inner\">\n\t\t<div class=\"elementor-element elementor-element-d168ddd e-con-full e-flex e-con e-child\" data-id=\"d168ddd\" data-element_type=\"container\" data-e-type=\"container\">\n\t\t\t\t<div class=\"elementor-element elementor-element-2b2a4f3 elementor-widget elementor-widget-theme-post-featured-image elementor-widget-image\" data-id=\"2b2a4f3\" data-element_type=\"widget\" data-e-type=\"widget\" data-widget_type=\"theme-post-featured-image.default\">\n\t\t\t\t<div class=\"elementor-widget-container\">\n\t\t\t\t\t\t\t\t\t\t\t\t\t\t\t\t<a href=\"https:\/\/www.eestinoorsooteater.ee\/en\/?tegevused=virtual-workshops\">\n\t\t\t\t\t\t\t<img fetchpriority=\"high\" decoding=\"async\" width=\"768\" height=\"400\" src=\"https:\/\/www.eestinoorsooteater.ee\/wp-content\/uploads\/2026\/03\/virtuaalsed-768x400.jpg\" class=\"attachment-medium_large size-medium_large wp-image-45646\" alt=\"Klassituba \u00f5pilastega, kes vaatavad seinale kuvatud videopilti muuseumit\u00f6\u00f6tajast ja nukkudest\" srcset=\"https:\/\/www.eestinoorsooteater.ee\/wp-content\/uploads\/2026\/03\/virtuaalsed-768x400.jpg 768w, https:\/\/www.eestinoorsooteater.ee\/wp-content\/uploads\/2026\/03\/virtuaalsed-500x261.jpg 500w, https:\/\/www.eestinoorsooteater.ee\/wp-content\/uploads\/2026\/03\/virtuaalsed-1024x534.jpg 1024w, https:\/\/www.eestinoorsooteater.ee\/wp-content\/uploads\/2026\/03\/virtuaalsed-300x156.jpg 300w, https:\/\/www.eestinoorsooteater.ee\/wp-content\/uploads\/2026\/03\/virtuaalsed-600x313.jpg 600w, https:\/\/www.eestinoorsooteater.ee\/wp-content\/uploads\/2026\/03\/virtuaalsed.jpg 1142w\" sizes=\"(max-width: 768px) 100vw, 768px\" \/>\t\t\t\t\t\t\t\t<\/a>\n\t\t\t\t\t\t\t\t\t\t\t\t\t\t\t<\/div>\n\t\t\t\t<\/div>\n\t\t\t\t<\/div>\n\t\t<div class=\"elementor-element elementor-element-bf9cb48 e-con-full e-flex e-con e-child\" data-id=\"bf9cb48\" data-element_type=\"container\" data-e-type=\"container\">\n\t\t\t\t<div class=\"elementor-element elementor-element-3026494 elementor-widget elementor-widget-theme-post-title elementor-page-title elementor-widget-heading\" data-id=\"3026494\" data-element_type=\"widget\" data-e-type=\"widget\" data-widget_type=\"theme-post-title.default\">\n\t\t\t\t<div class=\"elementor-widget-container\">\n\t\t\t\t\t<h3 class=\"elementor-heading-title elementor-size-default\"><a href=\"https:\/\/www.eestinoorsooteater.ee\/en\/?tegevused=virtual-workshops\">Virtual workshops<\/a><\/h3>\t\t\t\t<\/div>\n\t\t\t\t<\/div>\n\t\t\t\t<div class=\"elementor-element elementor-element-1e93ec0 elementor-icon-list--layout-inline elementor-align-start elementor-list-item-link-full_width elementor-widget elementor-widget-icon-list\" data-id=\"1e93ec0\" data-element_type=\"widget\" data-e-type=\"widget\" data-widget_type=\"icon-list.default\">\n\t\t\t\t<div class=\"elementor-widget-container\">\n\t\t\t\t\t\t\t<ul class=\"elementor-icon-list-items elementor-inline-items\">\n\t\t\t\t\t\t\t<li class=\"elementor-icon-list-item elementor-inline-item\">\n\t\t\t\t\t\t\t\t\t\t<span class=\"elementor-icon-list-text\"><\/span>\n\t\t\t\t\t\t\t\t\t<\/li>\n\t\t\t\t\t\t\t\t<li class=\"elementor-icon-list-item elementor-inline-item\">\n\t\t\t\t\t\t\t\t\t\t<span class=\"elementor-icon-list-text\"><\/span>\n\t\t\t\t\t\t\t\t\t<\/li>\n\t\t\t\t\t\t\t\t<li class=\"elementor-icon-list-item elementor-inline-item\">\n\t\t\t\t\t\t\t\t\t\t<span class=\"elementor-icon-list-text\"><\/span>\n\t\t\t\t\t\t\t\t\t<\/li>\n\t\t\t\t\t\t<\/ul>\n\t\t\t\t\t\t<\/div>\n\t\t\t\t<\/div>\n\t\t\t\t<div class=\"elementor-element elementor-element-be7cb20 elementor-widget elementor-widget-theme-post-excerpt\" data-id=\"be7cb20\" data-element_type=\"widget\" data-e-type=\"widget\" data-widget_type=\"theme-post-excerpt.default\">\n\t\t\t\t<div class=\"elementor-widget-container\">\n\t\t\t\t\tYou can visit the Museum of Puppetry Arts and its puppets virtually and participate in virtual detective work.\t\t\t\t<\/div>\n\t\t\t\t<\/div>\n\t\t\t\t<\/div>\n\t\t\t\t\t<\/div>\n\t\t\t\t<\/div>\n\t\t\t\t<\/div>\n\t\t\t\t<div data-elementor-type=\"loop-item\" data-elementor-id=\"33579\" class=\"elementor elementor-33579 elementor-28203 elementor-28203 e-loop-item e-loop-item-9478 post-9478 tegevused type-tegevused status-publish has-post-thumbnail hentry sihtgrupp-kooliaste1 sihtgrupp-kooliaste2 sihtgrupp-kooliaste3 sihtgrupp-kindergarten tegevusliik-workshop tegevusliik-meeting-with-actors-and-puppets\" data-elementor-post-type=\"elementor_library\" data-custom-edit-handle=\"1\">\n\t\t\t<div class=\"elementor-element elementor-element-60010dd e-flex e-con-boxed e-con e-parent\" data-id=\"60010dd\" data-element_type=\"container\" data-e-type=\"container\">\n\t\t\t\t\t<div class=\"e-con-inner\">\n\t\t<div class=\"elementor-element elementor-element-d168ddd e-con-full e-flex e-con e-child\" data-id=\"d168ddd\" data-element_type=\"container\" data-e-type=\"container\">\n\t\t\t\t<div class=\"elementor-element elementor-element-2b2a4f3 elementor-widget elementor-widget-theme-post-featured-image elementor-widget-image\" data-id=\"2b2a4f3\" data-element_type=\"widget\" data-e-type=\"widget\" data-widget_type=\"theme-post-featured-image.default\">\n\t\t\t\t<div class=\"elementor-widget-container\">\n\t\t\t\t\t\t\t\t\t\t\t\t\t\t\t\t<a href=\"https:\/\/www.eestinoorsooteater.ee\/en\/?tegevused=encounters-with-actors-and-puppets-workshop\">\n\t\t\t\t\t\t\t<img decoding=\"async\" width=\"768\" height=\"768\" src=\"https:\/\/www.eestinoorsooteater.ee\/wp-content\/uploads\/2024\/08\/Taavi_Tim_ruut-768x768.jpg\" class=\"attachment-medium_large size-medium_large wp-image-9089\" alt=\"\" srcset=\"https:\/\/www.eestinoorsooteater.ee\/wp-content\/uploads\/2024\/08\/Taavi_Tim_ruut-768x768.jpg 768w, https:\/\/www.eestinoorsooteater.ee\/wp-content\/uploads\/2024\/08\/Taavi_Tim_ruut-300x300.jpg 300w, https:\/\/www.eestinoorsooteater.ee\/wp-content\/uploads\/2024\/08\/Taavi_Tim_ruut-1024x1024.jpg 1024w, https:\/\/www.eestinoorsooteater.ee\/wp-content\/uploads\/2024\/08\/Taavi_Tim_ruut-1536x1536.jpg 1536w, https:\/\/www.eestinoorsooteater.ee\/wp-content\/uploads\/2024\/08\/Taavi_Tim_ruut-600x600.jpg 600w, https:\/\/www.eestinoorsooteater.ee\/wp-content\/uploads\/2024\/08\/Taavi_Tim_ruut-100x100.jpg 100w, https:\/\/www.eestinoorsooteater.ee\/wp-content\/uploads\/2024\/08\/Taavi_Tim_ruut.jpg 1920w\" sizes=\"(max-width: 768px) 100vw, 768px\" \/>\t\t\t\t\t\t\t\t<\/a>\n\t\t\t\t\t\t\t\t\t\t\t\t\t\t\t<\/div>\n\t\t\t\t<\/div>\n\t\t\t\t<\/div>\n\t\t<div class=\"elementor-element elementor-element-bf9cb48 e-con-full e-flex e-con e-child\" data-id=\"bf9cb48\" data-element_type=\"container\" data-e-type=\"container\">\n\t\t\t\t<div class=\"elementor-element elementor-element-3026494 elementor-widget elementor-widget-theme-post-title elementor-page-title elementor-widget-heading\" data-id=\"3026494\" data-element_type=\"widget\" data-e-type=\"widget\" data-widget_type=\"theme-post-title.default\">\n\t\t\t\t<div class=\"elementor-widget-container\">\n\t\t\t\t\t<h3 class=\"elementor-heading-title elementor-size-default\"><a href=\"https:\/\/www.eestinoorsooteater.ee\/en\/?tegevused=encounters-with-actors-and-puppets-workshop\">Encounters with actors and puppets \/ workshop<\/a><\/h3>\t\t\t\t<\/div>\n\t\t\t\t<\/div>\n\t\t\t\t<div class=\"elementor-element elementor-element-1e93ec0 elementor-icon-list--layout-inline elementor-align-start elementor-list-item-link-full_width elementor-widget elementor-widget-icon-list\" data-id=\"1e93ec0\" data-element_type=\"widget\" data-e-type=\"widget\" data-widget_type=\"icon-list.default\">\n\t\t\t\t<div class=\"elementor-widget-container\">\n\t\t\t\t\t\t\t<ul class=\"elementor-icon-list-items elementor-inline-items\">\n\t\t\t\t\t\t\t<li class=\"elementor-icon-list-item elementor-inline-item\">\n\t\t\t\t\t\t\t\t\t\t<span class=\"elementor-icon-list-text\">45 min<\/span>\n\t\t\t\t\t\t\t\t\t<\/li>\n\t\t\t\t\t\t\t\t<li class=\"elementor-icon-list-item elementor-inline-item\">\n\t\t\t\t\t\t\t\t\t\t<span class=\"elementor-icon-list-text\"><\/span>\n\t\t\t\t\t\t\t\t\t<\/li>\n\t\t\t\t\t\t\t\t<li class=\"elementor-icon-list-item elementor-inline-item\">\n\t\t\t\t\t\t\t\t\t\t<span class=\"elementor-icon-list-text\"><span>School level I<\/span>, <span>School level II<\/span>, <span>School level III<\/span>, <span>Kindergarten<\/span><\/span>\n\t\t\t\t\t\t\t\t\t<\/li>\n\t\t\t\t\t\t<\/ul>\n\t\t\t\t\t\t<\/div>\n\t\t\t\t<\/div>\n\t\t\t\t<div class=\"elementor-element elementor-element-be7cb20 elementor-widget elementor-widget-theme-post-excerpt\" data-id=\"be7cb20\" data-element_type=\"widget\" data-e-type=\"widget\" data-widget_type=\"theme-post-excerpt.default\">\n\t\t\t\t<div class=\"elementor-widget-container\">\n\t\t\t\t\tIn the Museum of Puppetry Arts, visitors get the chance to encounter the actors of the Estonian Theatre for Young Audiences and their roles in the puppet productions.\t\t\t\t<\/div>\n\t\t\t\t<\/div>\n\t\t\t\t<\/div>\n\t\t\t\t\t<\/div>\n\t\t\t\t<\/div>\n\t\t\t\t<\/div>\n\t\t\t\t<\/div>\n\t\t\n\t\t\t\t\t\t<\/div>\n\t\t\t\t<\/div>\n\t\t\t\t<\/div>\n\t\t\t\t\t<\/div>\n\t\t\t\t<\/div>\n\t\t\t\t<\/div>\n\t\t","protected":false},"excerpt":{"rendered":"<p>In the Museum of Puppetry Arts, visitors get the chance to encounter the actors of the Estonian Theatre for Young Audiences and their roles in the puppet productions. During the encounter, several secrets of life in the theatre are revealed, as the actor talks about both their work behind the curtain and the one on stage, as well as shows the puppets that they have manipulated in the productions. The actor tells the visitors about each puppet\u2019s birth story, specific characteristics, personality, and journey in the theatre. The encounter is carried out by one actor and their puppets. At the end of the encounter, the participants can ask the actor their questions.<\/p>\n","protected":false},"author":2,"featured_media":9085,"parent":9636,"menu_order":0,"comment_status":"closed","ping_status":"closed","template":"elementor_header_footer","meta":{"_acf_changed":false,"footnotes":""},"class_list":["post-9620","page","type-page","status-publish","has-post-thumbnail","hentry"],"acf":[],"_links":{"self":[{"href":"https:\/\/www.eestinoorsooteater.ee\/en\/wp-json\/wp\/v2\/pages\/9620","targetHints":{"allow":["GET"]}}],"collection":[{"href":"https:\/\/www.eestinoorsooteater.ee\/en\/wp-json\/wp\/v2\/pages"}],"about":[{"href":"https:\/\/www.eestinoorsooteater.ee\/en\/wp-json\/wp\/v2\/types\/page"}],"author":[{"embeddable":true,"href":"https:\/\/www.eestinoorsooteater.ee\/en\/wp-json\/wp\/v2\/users\/2"}],"replies":[{"embeddable":true,"href":"https:\/\/www.eestinoorsooteater.ee\/en\/wp-json\/wp\/v2\/comments?post=9620"}],"version-history":[{"count":5,"href":"https:\/\/www.eestinoorsooteater.ee\/en\/wp-json\/wp\/v2\/pages\/9620\/revisions"}],"predecessor-version":[{"id":33814,"href":"https:\/\/www.eestinoorsooteater.ee\/en\/wp-json\/wp\/v2\/pages\/9620\/revisions\/33814"}],"up":[{"embeddable":true,"href":"https:\/\/www.eestinoorsooteater.ee\/en\/wp-json\/wp\/v2\/pages\/9636"}],"wp:featuredmedia":[{"embeddable":true,"href":"https:\/\/www.eestinoorsooteater.ee\/en\/wp-json\/wp\/v2\/media\/9085"}],"wp:attachment":[{"href":"https:\/\/www.eestinoorsooteater.ee\/en\/wp-json\/wp\/v2\/media?parent=9620"}],"curies":[{"name":"wp","href":"https:\/\/api.w.org\/{rel}","templated":true}]}}