{"id":9636,"date":"2024-06-02T19:27:38","date_gmt":"2024-06-02T16:27:38","guid":{"rendered":"https:\/\/2024.eestinoorsooteater.ee\/muuseum\/tegevused-muuseumis\/"},"modified":"2026-03-12T13:11:44","modified_gmt":"2026-03-12T11:11:44","slug":"activities","status":"publish","type":"page","link":"https:\/\/www.eestinoorsooteater.ee\/en\/puppet-museum\/activities\/","title":{"rendered":"Activities"},"content":{"rendered":"\t\t<div data-elementor-type=\"wp-page\" data-elementor-id=\"9636\" class=\"elementor elementor-9636 elementor-146\" data-elementor-post-type=\"page\">\n\t\t\t\t<div class=\"elementor-element elementor-element-36ae626 e-flex e-con-boxed e-con e-parent\" data-id=\"36ae626\" data-element_type=\"container\" data-e-type=\"container\">\n\t\t\t\t\t<div class=\"e-con-inner\">\n\t\t\t\t<div class=\"elementor-element elementor-element-132035b elementor-widget elementor-widget-theme-post-title elementor-page-title elementor-widget-heading\" data-id=\"132035b\" data-element_type=\"widget\" data-e-type=\"widget\" data-widget_type=\"theme-post-title.default\">\n\t\t\t\t<div class=\"elementor-widget-container\">\n\t\t\t\t\t<h1 class=\"elementor-heading-title elementor-size-default\">Activities<\/h1>\t\t\t\t<\/div>\n\t\t\t\t<\/div>\n\t\t\t\t\t<\/div>\n\t\t\t\t<\/div>\n\t\t<div class=\"elementor-element elementor-element-b5c26d7 e-flex e-con-boxed e-con e-parent\" data-id=\"b5c26d7\" data-element_type=\"container\" data-e-type=\"container\">\n\t\t\t\t\t<div class=\"e-con-inner\">\n\t\t<div class=\"elementor-element elementor-element-4e81462 e-flex e-con-boxed e-con e-child\" data-id=\"4e81462\" data-element_type=\"container\" data-e-type=\"container\">\n\t\t\t\t\t<div class=\"e-con-inner\">\n\t\t\t\t<div class=\"elementor-element elementor-element-5c39cd2 elementor-position-left elementor-vertical-align-middle elementor-position-top dce_masking-none elementor-widget elementor-widget-image-box\" data-id=\"5c39cd2\" data-element_type=\"widget\" data-e-type=\"widget\" data-widget_type=\"image-box.default\">\n\t\t\t\t<div class=\"elementor-widget-container\">\n\t\t\t\t\t<div class=\"elementor-image-box-wrapper\"><figure class=\"elementor-image-box-img\"><a href=\"https:\/\/www.eestinoorsooteater.ee\/en\/puppet-museum\/activities\/educational-programmes-for-kindergartens\/\" tabindex=\"-1\"><img fetchpriority=\"high\" decoding=\"async\" width=\"768\" height=\"512\" src=\"https:\/\/www.eestinoorsooteater.ee\/wp-content\/uploads\/2026\/03\/8E6E8479-2629-44CD-A3D6-5A9171BAB990_1_201_a-768x512.jpeg\" class=\"attachment-medium_large size-medium_large wp-image-45375\" alt=\"\" srcset=\"https:\/\/www.eestinoorsooteater.ee\/wp-content\/uploads\/2026\/03\/8E6E8479-2629-44CD-A3D6-5A9171BAB990_1_201_a-768x512.jpeg 768w, https:\/\/www.eestinoorsooteater.ee\/wp-content\/uploads\/2026\/03\/8E6E8479-2629-44CD-A3D6-5A9171BAB990_1_201_a-500x334.jpeg 500w, https:\/\/www.eestinoorsooteater.ee\/wp-content\/uploads\/2026\/03\/8E6E8479-2629-44CD-A3D6-5A9171BAB990_1_201_a-1024x683.jpeg 1024w, https:\/\/www.eestinoorsooteater.ee\/wp-content\/uploads\/2026\/03\/8E6E8479-2629-44CD-A3D6-5A9171BAB990_1_201_a-300x200.jpeg 300w, https:\/\/www.eestinoorsooteater.ee\/wp-content\/uploads\/2026\/03\/8E6E8479-2629-44CD-A3D6-5A9171BAB990_1_201_a-391x260.jpeg 391w, https:\/\/www.eestinoorsooteater.ee\/wp-content\/uploads\/2026\/03\/8E6E8479-2629-44CD-A3D6-5A9171BAB990_1_201_a-1536x1025.jpeg 1536w, https:\/\/www.eestinoorsooteater.ee\/wp-content\/uploads\/2026\/03\/8E6E8479-2629-44CD-A3D6-5A9171BAB990_1_201_a-600x400.jpeg 600w, https:\/\/www.eestinoorsooteater.ee\/wp-content\/uploads\/2026\/03\/8E6E8479-2629-44CD-A3D6-5A9171BAB990_1_201_a.jpeg 1920w\" sizes=\"(max-width: 768px) 100vw, 768px\" \/><\/a><\/figure><div class=\"elementor-image-box-content\"><h3 class=\"elementor-image-box-title\"><a href=\"https:\/\/www.eestinoorsooteater.ee\/en\/puppet-museum\/activities\/educational-programmes-for-kindergartens\/\">For Kindergartens<\/a><\/h3><p class=\"elementor-image-box-description\">Educational Programmes for Kindergartens<\/p><\/div><\/div>\t\t\t\t<\/div>\n\t\t\t\t<\/div>\n\t\t\t\t<div class=\"elementor-element elementor-element-4f7dd6b elementor-position-left elementor-vertical-align-middle elementor-position-top dce_masking-none elementor-widget elementor-widget-image-box\" data-id=\"4f7dd6b\" data-element_type=\"widget\" data-e-type=\"widget\" data-widget_type=\"image-box.default\">\n\t\t\t\t<div class=\"elementor-widget-container\">\n\t\t\t\t\t<div class=\"elementor-image-box-wrapper\"><figure class=\"elementor-image-box-img\"><a href=\"https:\/\/www.eestinoorsooteater.ee\/en\/puppet-museum\/activities\/educational-programmes-for-schools\/\" tabindex=\"-1\"><img decoding=\"async\" width=\"768\" height=\"1151\" src=\"https:\/\/www.eestinoorsooteater.ee\/wp-content\/uploads\/2026\/02\/426C68AB-51E7-4FC9-8288-C6525977F499_1_201_a-768x1151.jpeg\" class=\"attachment-medium_large size-medium_large wp-image-45188\" alt=\"\" srcset=\"https:\/\/www.eestinoorsooteater.ee\/wp-content\/uploads\/2026\/02\/426C68AB-51E7-4FC9-8288-C6525977F499_1_201_a-768x1151.jpeg 768w, https:\/\/www.eestinoorsooteater.ee\/wp-content\/uploads\/2026\/02\/426C68AB-51E7-4FC9-8288-C6525977F499_1_201_a-334x500.jpeg 334w, https:\/\/www.eestinoorsooteater.ee\/wp-content\/uploads\/2026\/02\/426C68AB-51E7-4FC9-8288-C6525977F499_1_201_a-683x1024.jpeg 683w, https:\/\/www.eestinoorsooteater.ee\/wp-content\/uploads\/2026\/02\/426C68AB-51E7-4FC9-8288-C6525977F499_1_201_a-200x300.jpeg 200w, https:\/\/www.eestinoorsooteater.ee\/wp-content\/uploads\/2026\/02\/426C68AB-51E7-4FC9-8288-C6525977F499_1_201_a-1025x1536.jpeg 1025w, https:\/\/www.eestinoorsooteater.ee\/wp-content\/uploads\/2026\/02\/426C68AB-51E7-4FC9-8288-C6525977F499_1_201_a-600x899.jpeg 600w, https:\/\/www.eestinoorsooteater.ee\/wp-content\/uploads\/2026\/02\/426C68AB-51E7-4FC9-8288-C6525977F499_1_201_a.jpeg 1281w\" sizes=\"(max-width: 768px) 100vw, 768px\" \/><\/a><\/figure><div class=\"elementor-image-box-content\"><h3 class=\"elementor-image-box-title\"><a href=\"https:\/\/www.eestinoorsooteater.ee\/en\/puppet-museum\/activities\/educational-programmes-for-schools\/\">For schools<\/a><\/h3><p class=\"elementor-image-box-description\">Educational Programmes for Schools<\/p><\/div><\/div>\t\t\t\t<\/div>\n\t\t\t\t<\/div>\n\t\t\t\t<div class=\"elementor-element elementor-element-aa94d8c elementor-position-left elementor-vertical-align-middle elementor-position-top dce_masking-none elementor-widget elementor-widget-image-box\" data-id=\"aa94d8c\" data-element_type=\"widget\" data-e-type=\"widget\" data-widget_type=\"image-box.default\">\n\t\t\t\t<div class=\"elementor-widget-container\">\n\t\t\t\t\t<div class=\"elementor-image-box-wrapper\"><figure class=\"elementor-image-box-img\"><a href=\"\/en\/?tegevused=theatre-club\" tabindex=\"-1\"><img decoding=\"async\" width=\"768\" height=\"512\" src=\"https:\/\/www.eestinoorsooteater.ee\/wp-content\/uploads\/2024\/09\/21C00FF7-FB3C-4AAF-8CFE-72646ADAB0A9_1_201_a-1-768x512.jpeg\" class=\"attachment-medium_large size-medium_large wp-image-39276\" alt=\"\" srcset=\"https:\/\/www.eestinoorsooteater.ee\/wp-content\/uploads\/2024\/09\/21C00FF7-FB3C-4AAF-8CFE-72646ADAB0A9_1_201_a-1-768x512.jpeg 768w, https:\/\/www.eestinoorsooteater.ee\/wp-content\/uploads\/2024\/09\/21C00FF7-FB3C-4AAF-8CFE-72646ADAB0A9_1_201_a-1-500x334.jpeg 500w, https:\/\/www.eestinoorsooteater.ee\/wp-content\/uploads\/2024\/09\/21C00FF7-FB3C-4AAF-8CFE-72646ADAB0A9_1_201_a-1-1024x683.jpeg 1024w, https:\/\/www.eestinoorsooteater.ee\/wp-content\/uploads\/2024\/09\/21C00FF7-FB3C-4AAF-8CFE-72646ADAB0A9_1_201_a-1-300x200.jpeg 300w, https:\/\/www.eestinoorsooteater.ee\/wp-content\/uploads\/2024\/09\/21C00FF7-FB3C-4AAF-8CFE-72646ADAB0A9_1_201_a-1-391x260.jpeg 391w, https:\/\/www.eestinoorsooteater.ee\/wp-content\/uploads\/2024\/09\/21C00FF7-FB3C-4AAF-8CFE-72646ADAB0A9_1_201_a-1-1536x1025.jpeg 1536w, https:\/\/www.eestinoorsooteater.ee\/wp-content\/uploads\/2024\/09\/21C00FF7-FB3C-4AAF-8CFE-72646ADAB0A9_1_201_a-1-600x400.jpeg 600w, https:\/\/www.eestinoorsooteater.ee\/wp-content\/uploads\/2024\/09\/21C00FF7-FB3C-4AAF-8CFE-72646ADAB0A9_1_201_a-1.jpeg 1920w\" sizes=\"(max-width: 768px) 100vw, 768px\" \/><\/a><\/figure><div class=\"elementor-image-box-content\"><h3 class=\"elementor-image-box-title\"><a href=\"\/en\/?tegevused=theatre-club\">Theatre Club<\/a><\/h3><\/div><\/div>\t\t\t\t<\/div>\n\t\t\t\t<\/div>\n\t\t\t\t<div class=\"elementor-element elementor-element-eb8cdfc elementor-position-left elementor-vertical-align-middle elementor-position-top dce_masking-none elementor-widget elementor-widget-image-box\" data-id=\"eb8cdfc\" data-element_type=\"widget\" data-e-type=\"widget\" data-widget_type=\"image-box.default\">\n\t\t\t\t<div class=\"elementor-widget-container\">\n\t\t\t\t\t<div class=\"elementor-image-box-wrapper\"><figure class=\"elementor-image-box-img\"><a href=\"\/en\/?tegevused=virtual-workshops\" tabindex=\"-1\"><img loading=\"lazy\" decoding=\"async\" width=\"768\" height=\"400\" src=\"https:\/\/www.eestinoorsooteater.ee\/wp-content\/uploads\/2026\/03\/virtuaalsed-768x400.jpg\" class=\"attachment-medium_large size-medium_large wp-image-45646\" alt=\"Klassituba \u00f5pilastega, kes vaatavad seinale kuvatud videopilti muuseumit\u00f6\u00f6tajast ja nukkudest\" srcset=\"https:\/\/www.eestinoorsooteater.ee\/wp-content\/uploads\/2026\/03\/virtuaalsed-768x400.jpg 768w, https:\/\/www.eestinoorsooteater.ee\/wp-content\/uploads\/2026\/03\/virtuaalsed-500x261.jpg 500w, https:\/\/www.eestinoorsooteater.ee\/wp-content\/uploads\/2026\/03\/virtuaalsed-1024x534.jpg 1024w, https:\/\/www.eestinoorsooteater.ee\/wp-content\/uploads\/2026\/03\/virtuaalsed-300x156.jpg 300w, https:\/\/www.eestinoorsooteater.ee\/wp-content\/uploads\/2026\/03\/virtuaalsed-600x313.jpg 600w, https:\/\/www.eestinoorsooteater.ee\/wp-content\/uploads\/2026\/03\/virtuaalsed.jpg 1142w\" sizes=\"(max-width: 768px) 100vw, 768px\" \/><\/a><\/figure><div class=\"elementor-image-box-content\"><h3 class=\"elementor-image-box-title\"><a href=\"\/en\/?tegevused=virtual-workshops\">VIrtuaL workshops<\/a><\/h3><\/div><\/div>\t\t\t\t<\/div>\n\t\t\t\t<\/div>\n\t\t\t\t\t<\/div>\n\t\t\t\t<\/div>\n\t\t\t\t\t<\/div>\n\t\t\t\t<\/div>\n\t\t\t\t<\/div>\n\t\t","protected":false},"excerpt":{"rendered":"<p>For Kindergartens Educational Programmes for Kindergartens For schools Educational Programmes for Schools Theatre Club VIrtuaL workshops<\/p>\n","protected":false},"author":2,"featured_media":39259,"parent":9457,"menu_order":11,"comment_status":"closed","ping_status":"closed","template":"elementor_header_footer","meta":{"_acf_changed":false,"footnotes":""},"class_list":["post-9636","page","type-page","status-publish","has-post-thumbnail","hentry"],"acf":[],"_links":{"self":[{"href":"https:\/\/www.eestinoorsooteater.ee\/en\/wp-json\/wp\/v2\/pages\/9636","targetHints":{"allow":["GET"]}}],"collection":[{"href":"https:\/\/www.eestinoorsooteater.ee\/en\/wp-json\/wp\/v2\/pages"}],"about":[{"href":"https:\/\/www.eestinoorsooteater.ee\/en\/wp-json\/wp\/v2\/types\/page"}],"author":[{"embeddable":true,"href":"https:\/\/www.eestinoorsooteater.ee\/en\/wp-json\/wp\/v2\/users\/2"}],"replies":[{"embeddable":true,"href":"https:\/\/www.eestinoorsooteater.ee\/en\/wp-json\/wp\/v2\/comments?post=9636"}],"version-history":[{"count":5,"href":"https:\/\/www.eestinoorsooteater.ee\/en\/wp-json\/wp\/v2\/pages\/9636\/revisions"}],"predecessor-version":[{"id":45886,"href":"https:\/\/www.eestinoorsooteater.ee\/en\/wp-json\/wp\/v2\/pages\/9636\/revisions\/45886"}],"up":[{"embeddable":true,"href":"https:\/\/www.eestinoorsooteater.ee\/en\/wp-json\/wp\/v2\/pages\/9457"}],"wp:featuredmedia":[{"embeddable":true,"href":"https:\/\/www.eestinoorsooteater.ee\/en\/wp-json\/wp\/v2\/media\/39259"}],"wp:attachment":[{"href":"https:\/\/www.eestinoorsooteater.ee\/en\/wp-json\/wp\/v2\/media?parent=9636"}],"curies":[{"name":"wp","href":"https:\/\/api.w.org\/{rel}","templated":true}]}}